{"id":710,"date":"2020-05-11T12:09:08","date_gmt":"2020-05-11T12:09:08","guid":{"rendered":"https:\/\/www.caisdofarol.com\/?page_id=710"},"modified":"2020-05-19T15:15:26","modified_gmt":"2020-05-19T15:15:26","slug":"responsabilidade-civil-familiar","status":"publish","type":"page","link":"https:\/\/www.caisdofarol.com\/en\/produtos\/responsabilidade-civil-familiar\/","title":{"rendered":"RESPONSABILIDADE CIVIL FAMILIAR"},"content":{"rendered":"<div class=\"container section-title-container\" ><h3 class=\"section-title section-title-normal\"><b><\/b><span class=\"section-title-main\" >RESPONSABILIDADE CIVIL FAMILIAR<\/span><b><\/b><\/h3><\/div>\n\n\n\t\t<div class=\"icon-box featured-box icon-box-left text-left\"  >\n\t\t\t\t\t<div class=\"icon-box-img\" style=\"width: 125px\">\n\t\t\t\t<div class=\"icon\">\n\t\t\t\t\t<div class=\"icon-inner\" >\n\t\t\t\t\t\t<img width=\"300\" height=\"300\" src=\"https:\/\/www.caisdofarol.com\/wp-content\/uploads\/2020\/05\/Responsabilidade-Civil-300x300.png\" class=\"attachment-medium size-medium\" alt=\"\" decoding=\"async\" loading=\"lazy\" srcset=\"https:\/\/www.caisdofarol.com\/wp-content\/uploads\/2020\/05\/Responsabilidade-Civil-300x300.png 300w, https:\/\/www.caisdofarol.com\/wp-content\/uploads\/2020\/05\/Responsabilidade-Civil-150x150.png 150w, https:\/\/www.caisdofarol.com\/wp-content\/uploads\/2020\/05\/Responsabilidade-Civil.png 400w\" sizes=\"(max-width: 300px) 100vw, 300px\" \/>\t\t\t\t\t<\/div>\n\t\t\t\t<\/div>\n\t\t\t<\/div>\n\t\t\t\t<div class=\"icon-box-text last-reset\">\n\t\t\t\t\t\t\t\t\t\n\n<h5>Numa fam\u00edlia ativa os imprevistos acontecem\u2026<\/h5>\n<p>Com um seguro Responsabilidade Civil Familiar protege-se a si e \u00e0 sua fam\u00edlia garantindo o pagamento das indemniza\u00e7\u00f5es <strong>pelos danos patrimoniais e n\u00e3o patrimoniais<\/strong> causados involuntariamente a terceiros pelos membros do seu <strong>agregado familiar, empregados dom\u00e9sticos<\/strong> ao seu servi\u00e7o e <strong>animais de companhia.<\/strong><\/p>\n<p>Estamos c\u00e1 para analisar as suas necessidades de prote\u00e7\u00e3o de forma a encontrarmos a solu\u00e7\u00e3o que melhor se adeque a si.<\/p>\n\t<div id=\"gap-2080251914\" class=\"gap-element clearfix\" style=\"display:block; height:auto;\">\n\t\t\n<style scope=\"scope\">\n\n#gap-2080251914 {\n  padding-top: 30px;\n}\n<\/style>\n\t<\/div>\n\t\n\n\n\t\t<\/div>\n\t<\/div>\n\t\n\t\n<h2>Pe\u00e7a agora para ser contactado<\/h2>\n<p>O nosso compromisso \u00e9 o de lhe prestar toda a aten\u00e7\u00e3o que merece. <strong>Apresente-nos o seu caso.<\/strong><br \/>Estamos dispon\u00edveis para analis\u00e1-lo e apresentar-lhe as melhores solu\u00e7\u00f5es, de forma totalmente <strong>gratuita.<\/strong><\/p>\n<a href=\"https:\/\/www.caisdofarol.com\/en\/simulacoes\/\" target=\"_self\" class=\"button primary expand\"  style=\"border-radius:99px;\">\n    <span>QUERO SER CONTACTADO<\/span>\n  <i class=\"icon-phone\" ><\/i><\/a>","protected":false},"excerpt":{"rendered":"<p>Pe\u00e7a agora para ser contactado O nosso compromisso \u00e9 o de lhe prestar toda a aten\u00e7\u00e3o que merece. Apresente-nos o seu caso.Estamos dispon\u00edveis para analis\u00e1-lo e apresentar-lhe as melhores solu\u00e7\u00f5es, de forma totalmente gratuita.<\/p>","protected":false},"author":1,"featured_media":0,"parent":552,"menu_order":9,"comment_status":"closed","ping_status":"closed","template":"page-blank-sub-nav-vertical.php","meta":[],"aioseo_notices":[],"_links":{"self":[{"href":"https:\/\/www.caisdofarol.com\/en\/wp-json\/wp\/v2\/pages\/710"}],"collection":[{"href":"https:\/\/www.caisdofarol.com\/en\/wp-json\/wp\/v2\/pages"}],"about":[{"href":"https:\/\/www.caisdofarol.com\/en\/wp-json\/wp\/v2\/types\/page"}],"author":[{"embeddable":true,"href":"https:\/\/www.caisdofarol.com\/en\/wp-json\/wp\/v2\/users\/1"}],"replies":[{"embeddable":true,"href":"https:\/\/www.caisdofarol.com\/en\/wp-json\/wp\/v2\/comments?post=710"}],"version-history":[{"count":5,"href":"https:\/\/www.caisdofarol.com\/en\/wp-json\/wp\/v2\/pages\/710\/revisions"}],"predecessor-version":[{"id":1253,"href":"https:\/\/www.caisdofarol.com\/en\/wp-json\/wp\/v2\/pages\/710\/revisions\/1253"}],"up":[{"embeddable":true,"href":"https:\/\/www.caisdofarol.com\/en\/wp-json\/wp\/v2\/pages\/552"}],"wp:attachment":[{"href":"https:\/\/www.caisdofarol.com\/en\/wp-json\/wp\/v2\/media?parent=710"}],"curies":[{"name":"wp","href":"https:\/\/api.w.org\/{rel}","templated":true}]}}