{"id":659,"date":"2020-05-10T20:24:49","date_gmt":"2020-05-10T20:24:49","guid":{"rendered":"https:\/\/www.caisdofarol.com\/?page_id=659"},"modified":"2020-05-18T08:14:57","modified_gmt":"2020-05-18T08:14:57","slug":"multirriscos-empresa","status":"publish","type":"page","link":"https:\/\/www.caisdofarol.com\/en\/produtos\/multirriscos-empresa\/","title":{"rendered":"Multirriscos Empresa"},"content":{"rendered":"<div class=\"container section-title-container\" ><h3 class=\"section-title section-title-normal\"><b><\/b><span class=\"section-title-main\" >MULTIRRISCOS EMPRESA<\/span><b><\/b><\/h3><\/div>\n\n\n\t\t<div class=\"icon-box featured-box icon-box-left text-left\"  >\n\t\t\t\t\t<div class=\"icon-box-img\" style=\"width: 125px\">\n\t\t\t\t<div class=\"icon\">\n\t\t\t\t\t<div class=\"icon-inner\" >\n\t\t\t\t\t\t<img width=\"300\" height=\"300\" src=\"https:\/\/www.caisdofarol.com\/wp-content\/uploads\/2020\/05\/Come\u0301rcio_1-300x300.png\" class=\"attachment-medium size-medium\" alt=\"\" decoding=\"async\" loading=\"lazy\" srcset=\"https:\/\/www.caisdofarol.com\/wp-content\/uploads\/2020\/05\/Come\u0301rcio_1-300x300.png 300w, https:\/\/www.caisdofarol.com\/wp-content\/uploads\/2020\/05\/Come\u0301rcio_1-150x150.png 150w, https:\/\/www.caisdofarol.com\/wp-content\/uploads\/2020\/05\/Come\u0301rcio_1.png 401w\" sizes=\"(max-width: 300px) 100vw, 300px\" \/>\t\t\t\t\t<\/div>\n\t\t\t\t<\/div>\n\t\t\t<\/div>\n\t\t\t\t<div class=\"icon-box-text last-reset\">\n\t\t\t\t\t\t\t\t\t\n\n<p>O Seguro Multirriscos Com\u00e9rcio visa garantir prote\u00e7\u00e3o ao patrim\u00f3nio das empresas contra uma diversidade de riscos a que est\u00e3o sujeitos, em qualquer ramo de actividade.<\/p>\n<h3>Principais Coberturas<\/h3>\n<p>Garante a prote\u00e7\u00e3o ao patrim\u00f3nio da empresa, como os edif\u00edcios e seus conte\u00fados, todo o seu mobili\u00e1rio, equipamentos e mercadorias, bem como um conjunto de situa\u00e7\u00f5es e riscos ligados \u00e0 explora\u00e7\u00e3o da sua actividade: Responsabilidade Civil, necessidade de mudan\u00e7a tempor\u00e1ria de local, perdas de lucros, roubo de valores, entre outros.<\/p>\n\t<div id=\"gap-120150314\" class=\"gap-element clearfix\" style=\"display:block; height:auto;\">\n\t\t\n<style scope=\"scope\">\n\n#gap-120150314 {\n  padding-top: 30px;\n}\n<\/style>\n\t<\/div>\n\t\n\n\n\t\t<\/div>\n\t<\/div>\n\t\n\t\n<h2>Pe\u00e7a agora para ser contactado<\/h2>\n<p>O nosso compromisso \u00e9 o de lhe prestar toda a aten\u00e7\u00e3o que merece. <strong>Apresente-nos o seu caso.<\/strong><br \/>Estamos dispon\u00edveis para analis\u00e1-lo e apresentar-lhe as melhores solu\u00e7\u00f5es, de forma totalmente <strong>gratuita.<\/strong><\/p>\n<a href=\"https:\/\/www.caisdofarol.com\/en\/simulacoes\/\" target=\"_self\" class=\"button primary expand\"  style=\"border-radius:99px;\">\n    <span>QUERO SER CONTACTADO<\/span>\n  <i class=\"icon-phone\" ><\/i><\/a>","protected":false},"excerpt":{"rendered":"<p>Pe\u00e7a agora para ser contactado O nosso compromisso \u00e9 o de lhe prestar toda a aten\u00e7\u00e3o que merece. Apresente-nos o seu caso.Estamos dispon\u00edveis para analis\u00e1-lo e apresentar-lhe as melhores solu\u00e7\u00f5es, de forma totalmente gratuita.<\/p>","protected":false},"author":1,"featured_media":0,"parent":552,"menu_order":7,"comment_status":"closed","ping_status":"closed","template":"page-blank-sub-nav-vertical.php","meta":[],"aioseo_notices":[],"_links":{"self":[{"href":"https:\/\/www.caisdofarol.com\/en\/wp-json\/wp\/v2\/pages\/659"}],"collection":[{"href":"https:\/\/www.caisdofarol.com\/en\/wp-json\/wp\/v2\/pages"}],"about":[{"href":"https:\/\/www.caisdofarol.com\/en\/wp-json\/wp\/v2\/types\/page"}],"author":[{"embeddable":true,"href":"https:\/\/www.caisdofarol.com\/en\/wp-json\/wp\/v2\/users\/1"}],"replies":[{"embeddable":true,"href":"https:\/\/www.caisdofarol.com\/en\/wp-json\/wp\/v2\/comments?post=659"}],"version-history":[{"count":8,"href":"https:\/\/www.caisdofarol.com\/en\/wp-json\/wp\/v2\/pages\/659\/revisions"}],"predecessor-version":[{"id":1227,"href":"https:\/\/www.caisdofarol.com\/en\/wp-json\/wp\/v2\/pages\/659\/revisions\/1227"}],"up":[{"embeddable":true,"href":"https:\/\/www.caisdofarol.com\/en\/wp-json\/wp\/v2\/pages\/552"}],"wp:attachment":[{"href":"https:\/\/www.caisdofarol.com\/en\/wp-json\/wp\/v2\/media?parent=659"}],"curies":[{"name":"wp","href":"https:\/\/api.w.org\/{rel}","templated":true}]}}