{"id":651,"date":"2020-05-10T20:22:47","date_gmt":"2020-05-10T20:22:47","guid":{"rendered":"https:\/\/www.caisdofarol.com\/?page_id=651"},"modified":"2020-05-19T15:09:09","modified_gmt":"2020-05-19T15:09:09","slug":"acidentes-pessoais","status":"publish","type":"page","link":"https:\/\/www.caisdofarol.com\/en\/produtos\/acidentes-pessoais\/","title":{"rendered":"Acidentes Pessoais"},"content":{"rendered":"<div class=\"container section-title-container\" ><h3 class=\"section-title section-title-normal\"><b><\/b><span class=\"section-title-main\" >ACIDENTES PESSOAIS<\/span><b><\/b><\/h3><\/div>\n\n\n\t\t<div class=\"icon-box featured-box icon-box-left text-left\"  >\n\t\t\t\t\t<div class=\"icon-box-img\" style=\"width: 125px\">\n\t\t\t\t<div class=\"icon\">\n\t\t\t\t\t<div class=\"icon-inner\" >\n\t\t\t\t\t\t<img width=\"300\" height=\"300\" src=\"https:\/\/www.caisdofarol.com\/wp-content\/uploads\/2020\/05\/Acidentes-Pessoais-300x300.png\" class=\"attachment-medium size-medium\" alt=\"\" decoding=\"async\" loading=\"lazy\" srcset=\"https:\/\/www.caisdofarol.com\/wp-content\/uploads\/2020\/05\/Acidentes-Pessoais-300x300.png 300w, https:\/\/www.caisdofarol.com\/wp-content\/uploads\/2020\/05\/Acidentes-Pessoais-150x150.png 150w, https:\/\/www.caisdofarol.com\/wp-content\/uploads\/2020\/05\/Acidentes-Pessoais.png 400w\" sizes=\"(max-width: 300px) 100vw, 300px\" \/>\t\t\t\t\t<\/div>\n\t\t\t\t<\/div>\n\t\t\t<\/div>\n\t\t\t\t<div class=\"icon-box-text last-reset\">\n\t\t\t\t\t\t\t\t\t\n\n<p>O seguro de Acidentes Pessoais garante a sua prote\u00e7\u00e3o em caso de <strong>acidente e\/ou doen\u00e7a<\/strong>, <strong>24 horas por dia, em trabalho ou lazer<\/strong> e <strong>em todo o mundo. <\/strong>\u00c9 o seguro para os imprevistos do dia a dia.<\/p>\n<p>Disponibiliza um conjunto base de coberturas que lhe garante protec\u00e7\u00e3o face a riscos, como <u>morte<\/u>, <u>invalidez<\/u>, <u>despesas de tratamento<\/u> e <u>despesas de funeral<\/u>. Mas permite-lhe ainda acrescentar coberturas opcionais, que lhe oferecem uma prote\u00e7\u00e3o ainda mais abrangente, nomeadamente, <u>morte e\/ou invalidez por Acidente de Circula\u00e7\u00e3o<\/u>, <u>subs\u00eddio di\u00e1rio por hospitaliza\u00e7\u00e3o<\/u>, despesas com <u>opera\u00e7\u00f5es de salva\u00e7\u00e3o, busca e transporte<\/u> do sinistrado.<\/p>\n<h3>Acidentes Pessoais \u2013 Grupo<\/h3>\n<p>Os seguros de Acidentes Pessoais s\u00e3o<strong> obrigat\u00f3rios para algumas atividades<\/strong>, para as restantes \u00e9 uma forma de garantir uma prote\u00e7\u00e3o financeira extra em caso de acidente.\u00a0<\/p>\n<p>Conhe\u00e7a algumas das op\u00e7\u00f5es \u00e0 sua disposi\u00e7\u00e3o:<\/p>\n<ul>\n<li style=\"list-style-type: none;\">\n<ul>\n<li><strong>Atividades Recreativas, Culturais ou Desportivas<\/strong>, promovidas por uma entidade coletiva (ex: Associa\u00e7\u00f5es).<\/li>\n<li><strong>Estabelecimentos de Ensino<\/strong>, como Infant\u00e1rios, Jardins de Inf\u00e2ncia, Escolas, Col\u00e9gios ou Salas\/Centro de Estudo at\u00e9 ao 12.\u00ba ano. O Seguro de Acidentes Pessoais protege alunos, membros do corpo docente e outros colaboradores.<\/li>\n<li><strong>Lares e Centros de Dia<\/strong>, destinado a proteger utentes do lar\/Centro de Dia, nas respetivas instala\u00e7\u00f5es e ainda durante os passeios ou desloca\u00e7\u00f5es efetuadas sob a tutela do Tomador do Seguro.<\/li>\n<li><strong>Visitas de Estudo<\/strong>, promovidas por uma entidade coletiva (ex: Estabelecimentos de Ensino), em Portugal ou no estrangeiro. Tamb\u00e9m pode incluir professores e acompanhantes.<\/li>\n<li><strong>Campos de F\u00e9rias<\/strong>, com coberturas e capitais m\u00ednimos exigidos por Lei, destina-se a proteger os participantes do campo de f\u00e9rias. Os monitores poder\u00e3o ser tamb\u00e9m inclu\u00eddos.<\/li>\n<li><strong>Equipamentos de Divers\u00e3o<\/strong>. Este seguro garante os acidentes que possam ocorrer com os utilizadores dos seus equipamentos de divers\u00e3o.<\/li>\n<li><strong>Recintos Tempor\u00e1rios e Espa\u00e7os de Festas<\/strong>, promovidas por uma entidade coletiva, ajudando a proteger os participantes nas suas festas e romarias.<\/li>\n<li><strong>Instala\u00e7\u00f5es Desportivas. <\/strong>O seguro para protec\u00e7\u00e3o dos utentes de espa\u00e7os que promovem a pr\u00e1tica Desportiva. Ficam garantidos pelo seguro os praticantes de desporto amador, n\u00e3o federado, enquanto permanecerem nas instala\u00e7\u00f5es do Tomador de Seguro.<\/li>\n<li><strong>Patrim\u00f3nio e Salas de Espet\u00e1culo<\/strong>. Este Seguro protege os utentes de espa\u00e7os culturais, recreativos e de exposi\u00e7\u00f5es.<\/li>\n<li><strong>Anima\u00e7\u00e3o Tur\u00edstica<\/strong>. Salvaguarda os participantes em atividades de anima\u00e7\u00e3o tur\u00edstica, incluindo passeios tur\u00edsticos, ocupantes de viaturas de turismo (como uber ou cabify), atividades de teambuilding, entre outras atividades de cariz tur\u00edstico.<\/li>\n<li><strong>Prote\u00e7\u00e3o Colaboradores<\/strong>. \u00c9 um beneficio que pode oferecer aos seus colaboradores, uma vez que lhes oferece uma prote\u00e7\u00e3o adicional contra acidentes que possam ocorrer 24 horas por dia (quer estejam, ou n\u00e3o, ao servi\u00e7o do Tomador de Seguro).<\/li>\n<\/ul>\n<\/li>\n<\/ul>\n\t<div id=\"gap-1238795985\" class=\"gap-element clearfix\" style=\"display:block; height:auto;\">\n\t\t\n<style scope=\"scope\">\n\n#gap-1238795985 {\n  padding-top: 30px;\n}\n<\/style>\n\t<\/div>\n\t\n\n\n\t\t<\/div>\n\t<\/div>\n\t\n\t\n<h2>Pe\u00e7a agora para ser contactado<\/h2>\n<p>O nosso compromisso \u00e9 o de lhe prestar toda a aten\u00e7\u00e3o que merece. <strong>Apresente-nos o seu caso.<\/strong><br \/>Estamos dispon\u00edveis para analis\u00e1-lo e apresentar-lhe as melhores solu\u00e7\u00f5es, de forma totalmente <strong>gratuita.<\/strong><\/p>\n<a href=\"https:\/\/www.caisdofarol.com\/en\/simulacoes\/\" target=\"_self\" class=\"button primary expand\"  style=\"border-radius:99px;\">\n    <span>QUERO SER CONTACTADO<\/span>\n  <i class=\"icon-phone\" ><\/i><\/a>","protected":false},"excerpt":{"rendered":"<p>Pe\u00e7a agora para ser contactado O nosso compromisso \u00e9 o de lhe prestar toda a aten\u00e7\u00e3o que merece. Apresente-nos o seu caso.Estamos dispon\u00edveis para analis\u00e1-lo e apresentar-lhe as melhores solu\u00e7\u00f5es, de forma totalmente gratuita.<\/p>","protected":false},"author":1,"featured_media":0,"parent":552,"menu_order":4,"comment_status":"closed","ping_status":"closed","template":"page-blank-sub-nav-vertical.php","meta":[],"aioseo_notices":[],"_links":{"self":[{"href":"https:\/\/www.caisdofarol.com\/en\/wp-json\/wp\/v2\/pages\/651"}],"collection":[{"href":"https:\/\/www.caisdofarol.com\/en\/wp-json\/wp\/v2\/pages"}],"about":[{"href":"https:\/\/www.caisdofarol.com\/en\/wp-json\/wp\/v2\/types\/page"}],"author":[{"embeddable":true,"href":"https:\/\/www.caisdofarol.com\/en\/wp-json\/wp\/v2\/users\/1"}],"replies":[{"embeddable":true,"href":"https:\/\/www.caisdofarol.com\/en\/wp-json\/wp\/v2\/comments?post=651"}],"version-history":[{"count":5,"href":"https:\/\/www.caisdofarol.com\/en\/wp-json\/wp\/v2\/pages\/651\/revisions"}],"predecessor-version":[{"id":1247,"href":"https:\/\/www.caisdofarol.com\/en\/wp-json\/wp\/v2\/pages\/651\/revisions\/1247"}],"up":[{"embeddable":true,"href":"https:\/\/www.caisdofarol.com\/en\/wp-json\/wp\/v2\/pages\/552"}],"wp:attachment":[{"href":"https:\/\/www.caisdofarol.com\/en\/wp-json\/wp\/v2\/media?parent=651"}],"curies":[{"name":"wp","href":"https:\/\/api.w.org\/{rel}","templated":true}]}}