{"id":616,"date":"2020-05-10T16:27:50","date_gmt":"2020-05-10T16:27:50","guid":{"rendered":"https:\/\/www.caisdofarol.com\/?page_id=616"},"modified":"2020-05-19T14:58:40","modified_gmt":"2020-05-19T14:58:40","slug":"saude","status":"publish","type":"page","link":"https:\/\/www.caisdofarol.com\/en\/produtos\/saude\/","title":{"rendered":"Sa\u00fade"},"content":{"rendered":"<div class=\"container section-title-container\" ><h3 class=\"section-title section-title-normal\"><b><\/b><span class=\"section-title-main\" >SA\u00daDE<\/span><b><\/b><\/h3><\/div>\n\n\n\t\t<div class=\"icon-box featured-box icon-box-left text-left\"  >\n\t\t\t\t\t<div class=\"icon-box-img\" style=\"width: 125px\">\n\t\t\t\t<div class=\"icon\">\n\t\t\t\t\t<div class=\"icon-inner\" >\n\t\t\t\t\t\t<img width=\"300\" height=\"300\" src=\"https:\/\/www.caisdofarol.com\/wp-content\/uploads\/2020\/05\/Saude-300x300.png\" class=\"attachment-medium size-medium\" alt=\"\" decoding=\"async\" loading=\"lazy\" srcset=\"https:\/\/www.caisdofarol.com\/wp-content\/uploads\/2020\/05\/Saude-300x300.png 300w, https:\/\/www.caisdofarol.com\/wp-content\/uploads\/2020\/05\/Saude-150x150.png 150w, https:\/\/www.caisdofarol.com\/wp-content\/uploads\/2020\/05\/Saude.png 400w\" sizes=\"(max-width: 300px) 100vw, 300px\" \/>\t\t\t\t\t<\/div>\n\t\t\t\t<\/div>\n\t\t\t<\/div>\n\t\t\t\t<div class=\"icon-box-text last-reset\">\n\t\t\t\t\t\t\t\t\t\n\n<p>O Seguro de Sa\u00fade garante a a protec\u00e7\u00e3o das pessoas seguras, no caso de <strong>doen\u00e7a<\/strong> e \/ ou <strong>acidente<\/strong>, permitindo o <strong>acesso a uma rede de prestadores cl\u00ednicos privados<\/strong> que disponibilizam um vasto leque de especialidades, 24 horas por dia, 7 dias por semana.<\/p>\n<p>A sua cobertura, por norma, \u00e9 v\u00e1lida em Portugal e no estrangeiro em viagens at\u00e9 30 dias.<\/p>\n<h6>sua protec\u00e7\u00e3o e\/ ou dos seus colaboradores,<\/h6>\n<h3>Sa\u00fade Individual<\/h3>\n<p><strong>A sa\u00fade est\u00e1 sempre primeiro. Por isso hoje em dia ter um seguro de sa\u00fade que d\u00ea seguran\u00e7a ao agregado familiar \u00e9 fundamental na cobertura de todas as despesas relacionadas com cuidados de sa\u00fade.<\/strong><\/p>\n<p>Uma das grandes vantagens na subscri\u00e7\u00e3o de um seguros de sa\u00fade \u00e9 a liberdade de escolher os m\u00e9dicos e os hospitais da sua prefer\u00eancia. Dentro da rede convencionada paga o valor pr\u00e9-definido, no entanto pode, em caso de necessidade, procurar um hospital ou cl\u00ednica privada, fora da rede convencionada, e ser reembolsado de parte do valor pago.<\/p>\n<h3>Sa\u00fade Empresarial<\/h3>\n<p><strong>Contratar um seguro de sa\u00fade para os colaboradores da empresa tem m\u00faltiplas vantagens: redu\u00e7\u00e3o da sinistralidade<\/strong>, <strong>dedu\u00e7\u00f5es fiscais em sede de IRS e o reconhecimento dos trabalhadores, que cada vez mais valorizam este benef\u00edcio, estimulando naturalmente a motiva\u00e7\u00e3o.<\/strong><\/p>\n<h3>Hospitaliza\u00e7\u00e3o e Internamento<\/h3>\n<p>Garante as despesas decorrentes de <strong>internamento<\/strong>, <strong>cirurgia<\/strong> e todos os tratamentos complementares.<\/p>\n<h3>Ambulat\u00f3rio<\/h3>\n<p>Garante o acesso a uma rede de prestadores cl\u00ednicos privados, comparticipando as despesas com <strong>Consultas<\/strong>, <strong>Exames<\/strong> Auxiliares de Diagn\u00f3stico e <strong>Tratamentos<\/strong> em regime de ambulat\u00f3rio.<\/p>\n<h3>Sa\u00fade Dent\u00e1ria (Estomatologia)<\/h3>\n<p><strong>Consultas<\/strong> e <strong>Tratamentos<\/strong> de Estomatologia em rede de prestadores cl\u00ednicos privados, em regime de comparticipa\u00e7\u00e3o ou desconto.<\/p>\n<h3>Pr\u00f3teses e Ort\u00f3teses<\/h3>\n<p>Garantia das despesas com Pr\u00f3teses (excluindo as estomatol\u00f3gicas) e Ort\u00f3teses (como <strong>aros<\/strong> e <strong>lentes<\/strong>, <strong>lentes de contato<\/strong>, <strong>ort\u00f3teses auditivas<\/strong> e <strong>ortop\u00e9dicas<\/strong>) em rede prestadores cl\u00ednicos privados, em regime de comparticipa\u00e7\u00e3o ou desconto.<\/p>\n<h3>Doen\u00e7as Graves<\/h3>\n<p>Acesso aos melhores especialistas e unidades hospitalares, em Portugal e no estrangeiro, atrav\u00e9s da garantia de um capital de 1.000.000 \u20ac por anuidade, para internamento e tratamento de doen\u00e7a grave, tal como:<\/p>\n<ul>\n<li style=\"list-style-type: none;\">\n<ul>\n<li><strong>Cancro,<\/strong><\/li>\n<li><strong>Acidente Vascular Cerebral (AVC)<\/strong><\/li>\n<li><strong>Enfarte agudo do Mioc\u00e1rdio<\/strong><\/li>\n<li><strong>Cirurgia das Art\u00e9rias Coron\u00e1rias<\/strong><\/li>\n<li><strong>Insufici\u00eancia Renal Cr\u00f3nica em Hemodi\u00e1lise\u00a0<\/strong><\/li>\n<li><strong>Transplante de \u00d3rg\u00e3os Vitais<\/strong><\/li>\n<li><strong>Esclerose M\u00faltipla<\/strong><\/li>\n<li><strong>Dem\u00eancia<\/strong><\/li>\n<li><strong>Diabetes Mellitus<\/strong><\/li>\n<\/ul>\n<\/li>\n<\/ul>\n<p>Todos Seguros de Sa\u00fade t\u00eam per\u00edodos de car\u00eancia, embora variem conforme a Solu\u00e7\u00e3o, a Modalidade, ou se, decorrem de uma Transfer\u00eancia ou n\u00e3o.<\/p>\n<p>Muito h\u00e1 ainda por dizer, ler e analisar, por isso, qualquer d\u00favida e\/ou quest\u00e3o estamos ao dispor.<\/p>\n<p><strong>Mais do que nunca, ter um Seguro de Sa\u00fade \u00e9 a decis\u00e3o mais saud\u00e1vel!<\/strong><\/p>\n\t<div id=\"gap-1303501643\" class=\"gap-element clearfix\" style=\"display:block; height:auto;\">\n\t\t\n<style scope=\"scope\">\n\n#gap-1303501643 {\n  padding-top: 30px;\n}\n<\/style>\n\t<\/div>\n\t\n\n\n\t\t<\/div>\n\t<\/div>\n\t\n\t\n<h2>Pe\u00e7a agora para ser contactado<\/h2>\n<p>O nosso compromisso \u00e9 o de lhe prestar toda a aten\u00e7\u00e3o que merece. <strong>Apresente-nos o seu caso.<\/strong><br \/>Estamos dispon\u00edveis para analis\u00e1-lo e apresentar-lhe as melhores solu\u00e7\u00f5es, de forma totalmente <strong>gratuita.<\/strong><\/p>\n<a href=\"https:\/\/www.caisdofarol.com\/en\/simulacoes\/\" target=\"_self\" class=\"button primary expand\"  style=\"border-radius:99px;\">\n    <span>QUERO SER CONTACTADO<\/span>\n  <i class=\"icon-phone\" ><\/i><\/a>","protected":false},"excerpt":{"rendered":"<p>Pe\u00e7a agora para ser contactado O nosso compromisso \u00e9 o de lhe prestar toda a aten\u00e7\u00e3o que merece. Apresente-nos o seu caso.Estamos dispon\u00edveis para analis\u00e1-lo e apresentar-lhe as melhores solu\u00e7\u00f5es, de forma totalmente gratuita.<\/p>","protected":false},"author":1,"featured_media":0,"parent":552,"menu_order":1,"comment_status":"closed","ping_status":"closed","template":"page-blank-sub-nav-vertical.php","meta":[],"aioseo_notices":[],"_links":{"self":[{"href":"https:\/\/www.caisdofarol.com\/en\/wp-json\/wp\/v2\/pages\/616"}],"collection":[{"href":"https:\/\/www.caisdofarol.com\/en\/wp-json\/wp\/v2\/pages"}],"about":[{"href":"https:\/\/www.caisdofarol.com\/en\/wp-json\/wp\/v2\/types\/page"}],"author":[{"embeddable":true,"href":"https:\/\/www.caisdofarol.com\/en\/wp-json\/wp\/v2\/users\/1"}],"replies":[{"embeddable":true,"href":"https:\/\/www.caisdofarol.com\/en\/wp-json\/wp\/v2\/comments?post=616"}],"version-history":[{"count":10,"href":"https:\/\/www.caisdofarol.com\/en\/wp-json\/wp\/v2\/pages\/616\/revisions"}],"predecessor-version":[{"id":1242,"href":"https:\/\/www.caisdofarol.com\/en\/wp-json\/wp\/v2\/pages\/616\/revisions\/1242"}],"up":[{"embeddable":true,"href":"https:\/\/www.caisdofarol.com\/en\/wp-json\/wp\/v2\/pages\/552"}],"wp:attachment":[{"href":"https:\/\/www.caisdofarol.com\/en\/wp-json\/wp\/v2\/media?parent=616"}],"curies":[{"name":"wp","href":"https:\/\/api.w.org\/{rel}","templated":true}]}}