{"id":569,"date":"2020-05-10T13:38:50","date_gmt":"2020-05-10T13:38:50","guid":{"rendered":"https:\/\/www.caisdofarol.com\/?page_id=569"},"modified":"2020-05-19T20:28:33","modified_gmt":"2020-05-19T20:28:33","slug":"vida","status":"publish","type":"page","link":"https:\/\/www.caisdofarol.com\/en\/produtos\/vida\/","title":{"rendered":"Vida"},"content":{"rendered":"<div class=\"container section-title-container\" ><h3 class=\"section-title section-title-normal\"><b><\/b><span class=\"section-title-main\" >VIDA<\/span><b><\/b><\/h3><\/div>\n\n\n\t\t<div class=\"icon-box featured-box icon-box-left text-left\"  >\n\t\t\t\t\t<div class=\"icon-box-img\" style=\"width: 125px\">\n\t\t\t\t<div class=\"icon\">\n\t\t\t\t\t<div class=\"icon-inner\" >\n\t\t\t\t\t\t<img width=\"300\" height=\"300\" src=\"https:\/\/www.caisdofarol.com\/wp-content\/uploads\/2020\/05\/Vida-1-300x300.png\" class=\"attachment-medium size-medium\" alt=\"\" decoding=\"async\" loading=\"lazy\" srcset=\"https:\/\/www.caisdofarol.com\/wp-content\/uploads\/2020\/05\/Vida-1-300x300.png 300w, https:\/\/www.caisdofarol.com\/wp-content\/uploads\/2020\/05\/Vida-1-150x150.png 150w, https:\/\/www.caisdofarol.com\/wp-content\/uploads\/2020\/05\/Vida-1.png 400w\" sizes=\"(max-width: 300px) 100vw, 300px\" \/>\t\t\t\t\t<\/div>\n\t\t\t\t<\/div>\n\t\t\t<\/div>\n\t\t\t\t<div class=\"icon-box-text last-reset\">\n\t\t\t\t\t\t\t\t\t\n\n<p>O seguro de Vida garante um montante financeiro aos benefici\u00e1rios na eventual <strong>morte<\/strong>, i<strong>nvalidez<\/strong> ou <strong>doen\u00e7a grave<\/strong> da Pessoa Segura.<\/p>\n<p>Porque nunca sabemos o que o futuro nos reserva, este \u00e9 talvez o seguro mais importante para <u>estabilidade financeira<\/u> de uma fam\u00edlia ou empresa.<\/p>\n<p>Esta ap\u00f3lice pode ser contratada para salvaguardar financeiramente a sua <strong>fam\u00edlia<\/strong>, a sua <strong>empresa<\/strong> ou como <strong>protec\u00e7\u00e3o a cr\u00e9ditos hipotec\u00e1rios<\/strong>, sendo o mais comum o cr\u00e9dito habita\u00e7\u00e3o.<\/p>\n<h3>Vida Risco<\/h3>\n<p>O seguro de vida funciona como uma rede de seguran\u00e7a, caso um imprevisto grave lhe aconte\u00e7a a si ou \u00e0 sua fam\u00edlia.<\/p>\n<p>Garante um montante financeiro aos benefici\u00e1rios em caso de morte, invalidez ou doen\u00e7a grave da pessoa segura, permitindo deste modo, <u>dar resposta a despesas inesperadas<\/u> ou <u>manter a continuidade da vida familiar<\/u> e a <u>educa\u00e7\u00e3o dos seus filhos<\/u>.<\/p>\n<p>Porque a vida \u00e9 o nosso bem mais precioso, mesmo com boas condi\u00e7\u00f5es de sa\u00fade, n\u00e3o devemos menosprezar os problemas econ\u00f3micos que uma morte ou invalidez, por doen\u00e7a ou por acidente, pode provocar, particularmente se existirem pessoas dependentes.<\/p>\n<h3>Vida Cr\u00e9dito Habita\u00e7\u00e3o<\/h3>\n<p>O Seguro de Vida Cr\u00e9dito Habita\u00e7\u00e3o, <strong>d\u00e1 resposta \u00e0s exig\u00eancias da institui\u00e7\u00e3o de cr\u00e9dito<\/strong>, aquando de ced\u00eancia de empr\u00e9stimo.<\/p>\n<p>A casa \u00e9 um bem fundamental, por isso, caso ocorra alguma das eventualidades cobertas pelo contrato (morte, invalidez absoluta e definitiva e \/ ou invalidez total e permanente) \u00e9 importante que possa contar com a regulariza\u00e7\u00e3o do valor em d\u00edvida junto da entidade banc\u00e1ria.<\/p>\n\t<div id=\"gap-477842584\" class=\"gap-element clearfix\" style=\"display:block; height:auto;\">\n\t\t\n<style scope=\"scope\">\n\n#gap-477842584 {\n  padding-top: 30px;\n}\n<\/style>\n\t<\/div>\n\t\n\n\n\t\t<\/div>\n\t<\/div>\n\t\n\t\n<div class=\"message-box relative\" style=\"padding-top:20px;padding-bottom:20px;\"><div class=\"message-box-bg-image bg-fill fill\" ><\/div><div class=\"message-box-bg-overlay bg-fill fill\" ><\/div><div class=\"container relative\"><div class=\"inner last-reset\">\n\n<div class=\"row align-middle align-center\"  id=\"row-33407374\">\n\n\n\t<div class=\"col medium-4 small-12 large-4 col-divided\"  >\n\t\t<div class=\"col-inner\"  >\n\t\t\t\n\t\t\t\n\n<div class=\"container section-title-container\" style=\"max-width:205px;\"><h1 class=\"section-title section-title-normal\"><b><\/b><span class=\"section-title-main\" >SABIA QUE?<\/span><b><\/b><\/h1><\/div>\n\n<h4 style=\"text-align: left;\"><span style=\"color: #333333;\"><strong>N\u00e3o \u00e9 obrigado a contratar o Seguro de Vida associado ao seu Cr\u00e9dito Habita\u00e7\u00e3o com o seu Banco. <\/strong><\/span><\/h4>\n\t<div id=\"gap-1782415352\" class=\"gap-element clearfix\" style=\"display:block; height:auto;\">\n\t\t\n<style scope=\"scope\">\n\n#gap-1782415352 {\n  padding-top: 80px;\n}\n<\/style>\n\t<\/div>\n\t\n\n\n\t\t<\/div>\n\t<\/div>\n\n\t\n\n\t<div class=\"col medium-8 small-12 large-8\"  >\n\t\t<div class=\"col-inner text-center\"  >\n\t\t\t\n\t\t\t\n\n<p style=\"text-align: left;\">A maior parte das pessoas, no momento da contrata\u00e7\u00e3o do cr\u00e9dito habita\u00e7\u00e3o desconhece que pode subscrever o Seguro de Vida Cr\u00e9dito Habita\u00e7\u00e3o noutra Seguradora.<\/p>\n<p style=\"text-align: left;\">Com a entrada em vigor do\u00a0<a class=\"fr-file text-white\" href=\"https:\/\/www.azeoniseguros.pt\/storage\/app\/media\/uploaded-files\/decreto_lei_222_2009.pdf\" target=\"_blank\" rel=\"noopener noreferrer\">Decreto-Lei n\u00ba 222\/2009<\/a>\u00a0<strong>pode escolher a Seguradora que mais lhe for favor\u00e1vel<\/strong>. Este Decreto-Lei veio tamb\u00e9m permitir aos titulares de um Cr\u00e9dito Habita\u00e7\u00e3o a transfer\u00eancia do seguro de vida durante a vig\u00eancia do contrato.<\/p>\n<p style=\"text-align: left;\">Assim se \u00e9 o titular de um Cr\u00e9dito Habita\u00e7\u00e3o, pode em qualquer altura transferir o seguro de vida para outra Seguradora que lhe\u00a0<strong>ofere\u00e7a melhores condi\u00e7\u00f5es<\/strong>.<\/p>\n\n\t\t<\/div>\n\t<\/div>\n\n\t\n\n\n<style scope=\"scope\">\n\n<\/style>\n<\/div>\n\n<\/div><\/div><\/div>\n\t<div id=\"gap-384428058\" class=\"gap-element clearfix\" style=\"display:block; height:auto;\">\n\t\t\n<style scope=\"scope\">\n\n#gap-384428058 {\n  padding-top: 30px;\n}\n<\/style>\n\t<\/div>\n\t\n\n<h2>Pe\u00e7a agora para ser contactado<\/h2>\n<p>O nosso compromisso \u00e9 o de lhe prestar toda a aten\u00e7\u00e3o que merece. <strong>Apresente-nos o seu caso.<\/strong><br \/>Estamos dispon\u00edveis para analis\u00e1-lo e apresentar-lhe as melhores solu\u00e7\u00f5es, de forma totalmente <strong>gratuita.<\/strong><\/p>\n<a href=\"https:\/\/www.caisdofarol.com\/en\/simulacoes\/\" target=\"_self\" class=\"button primary expand\"  style=\"border-radius:99px;\">\n    <span>QUERO SER CONTACTADO<\/span>\n  <i class=\"icon-phone\" ><\/i><\/a>","protected":false},"excerpt":{"rendered":"<p>Pe\u00e7a agora para ser contactado O nosso compromisso \u00e9 o de lhe prestar toda a aten\u00e7\u00e3o que merece. Apresente-nos o seu caso.Estamos dispon\u00edveis para analis\u00e1-lo e apresentar-lhe as melhores solu\u00e7\u00f5es, de forma totalmente gratuita.<\/p>","protected":false},"author":1,"featured_media":0,"parent":552,"menu_order":2,"comment_status":"closed","ping_status":"closed","template":"page-blank-sub-nav-vertical.php","meta":[],"aioseo_notices":[],"_links":{"self":[{"href":"https:\/\/www.caisdofarol.com\/en\/wp-json\/wp\/v2\/pages\/569"}],"collection":[{"href":"https:\/\/www.caisdofarol.com\/en\/wp-json\/wp\/v2\/pages"}],"about":[{"href":"https:\/\/www.caisdofarol.com\/en\/wp-json\/wp\/v2\/types\/page"}],"author":[{"embeddable":true,"href":"https:\/\/www.caisdofarol.com\/en\/wp-json\/wp\/v2\/users\/1"}],"replies":[{"embeddable":true,"href":"https:\/\/www.caisdofarol.com\/en\/wp-json\/wp\/v2\/comments?post=569"}],"version-history":[{"count":25,"href":"https:\/\/www.caisdofarol.com\/en\/wp-json\/wp\/v2\/pages\/569\/revisions"}],"predecessor-version":[{"id":1267,"href":"https:\/\/www.caisdofarol.com\/en\/wp-json\/wp\/v2\/pages\/569\/revisions\/1267"}],"up":[{"embeddable":true,"href":"https:\/\/www.caisdofarol.com\/en\/wp-json\/wp\/v2\/pages\/552"}],"wp:attachment":[{"href":"https:\/\/www.caisdofarol.com\/en\/wp-json\/wp\/v2\/media?parent=569"}],"curies":[{"name":"wp","href":"https:\/\/api.w.org\/{rel}","templated":true}]}}