{"id":552,"date":"2020-05-10T13:10:48","date_gmt":"2020-05-10T13:10:48","guid":{"rendered":"https:\/\/www.caisdofarol.com\/?page_id=552"},"modified":"2020-06-04T08:32:34","modified_gmt":"2020-06-04T08:32:34","slug":"produtos","status":"publish","type":"page","link":"https:\/\/www.caisdofarol.com\/en\/produtos\/","title":{"rendered":"produtos"},"content":{"rendered":"<div class=\"row row-small align-equal align-center row-dashed\"  id=\"row-1568221090\">\n\n\t<div class=\"col medium-6 large-6\"  >\n\t\t<div class=\"col-inner text-center\"  >\n\t\t\t\n\t\t\t\n<h4>SOLU\u00c7\u00d5ES DE PROTE\u00c7\u00c3O FAMILIAR<\/h4>\n<h6>Seguran\u00e7a em redor do seu mundo<\/h6>\n<p>Para as Fam\u00edlias, tentamos garantir seguran\u00e7a e bem-estar, oferecendo solu\u00e7\u00f5es de protec\u00e7\u00e3o adequadas e personalizadas, em fun\u00e7\u00e3o dos seus objectivos e expectativas.<\/p>\n\t\t<\/div>\n\t<\/div>\n\n\t\n\n\t<div class=\"col medium-6 large-6\"  >\n\t\t<div class=\"col-inner text-center\"  >\n\t\t\t\n\t\t\t\n<h4>SOLU\u00c7\u00d5ES DE PROTE\u00c7\u00c3O EMPRESARIAL<\/h4>\n<h6>Bons neg\u00f3cios s\u00e3o neg\u00f3cios seguros<\/h6>\n<p>Para as Empresas e Trabalhadores Independentes, proporcionamos solu\u00e7\u00f5es de protec\u00e7\u00e3o completas e espec\u00edficas, enquadradas nas necessidades dos mais diversos sectores de actividade.<\/p>\n\t\t<\/div>\n\t<\/div>\n\n\t\n\n<style scope=\"scope\">\n\n#row-1568221090 > .col > .col-inner {\n  padding: 20px 20px 20px 20px;\n}\n<\/style>\n<\/div>\n<div class=\"text-center\"><div class=\"is-divider divider clearfix\" style=\"margin-top:0.8em;margin-bottom:0.8em;max-width:600px;height:1px;\"><\/div><\/div>\n\t<section class=\"section\" id=\"section_797393326\">\n\t\t<div class=\"bg section-bg fill bg-fill  bg-loaded\" >\n\n\t\t\t\n\t\t\t\n\t\t\t\n\n\t\t<\/div>\n\n\t\t<div class=\"section-content relative\">\n\t\t\t\n<div class=\"row row-collapse align-equal align-center\"  id=\"row-1054503952\">\n\n\t<div class=\"col medium-3 small-6 large-3\"  >\n\t\t<div class=\"col-inner\"  >\n\t\t\t\n\t\t\t\n\t<div class=\"box has-hover   has-hover box-text-bottom\" >\n\n\t\t<div class=\"box-image\" style=\"width:50%;\">\n\t\t\t<a href=\"https:\/\/www.caisdofarol.com\/en\/produtos\/automovel\/\"  >\t\t\t<div class=\"image-grayscale image-zoom\" >\n\t\t\t\t<img width=\"400\" height=\"400\" src=\"https:\/\/www.caisdofarol.com\/wp-content\/uploads\/2020\/05\/Carro.png\" class=\"attachment- size-\" alt=\"\" decoding=\"async\" loading=\"lazy\" srcset=\"https:\/\/www.caisdofarol.com\/wp-content\/uploads\/2020\/05\/Carro.png 400w, https:\/\/www.caisdofarol.com\/wp-content\/uploads\/2020\/05\/Carro-300x300.png 300w, https:\/\/www.caisdofarol.com\/wp-content\/uploads\/2020\/05\/Carro-150x150.png 150w\" sizes=\"(max-width: 400px) 100vw, 400px\" \/>\t\t\t\t\t\t\t\t\t\t\t<\/div>\n\t\t\t<\/a>\t\t<\/div>\n\n\t\t<div class=\"box-text text-center\" >\n\t\t\t<div class=\"box-text-inner\">\n\t\t\t\t\n<h4>AUTOM\u00d3VEL<\/h4>\n\t\t\t<\/div>\n\t\t<\/div>\n\t<\/div>\n\t\n\t\t<\/div>\n\t<\/div>\n\n\t\n\n\t<div class=\"col medium-3 small-6 large-3\"  >\n\t\t<div class=\"col-inner\"  >\n\t\t\t\n\t\t\t\n\t<div class=\"box has-hover   has-hover box-text-bottom\" >\n\n\t\t<div class=\"box-image\" style=\"width:50%;\">\n\t\t\t<a href=\"https:\/\/www.caisdofarol.com\/en\/produtos\/saude\/\"  >\t\t\t<div class=\"image-grayscale image-zoom\" >\n\t\t\t\t<img width=\"400\" height=\"400\" src=\"https:\/\/www.caisdofarol.com\/wp-content\/uploads\/2020\/05\/Saude.png\" class=\"attachment- size-\" alt=\"\" decoding=\"async\" loading=\"lazy\" srcset=\"https:\/\/www.caisdofarol.com\/wp-content\/uploads\/2020\/05\/Saude.png 400w, https:\/\/www.caisdofarol.com\/wp-content\/uploads\/2020\/05\/Saude-300x300.png 300w, https:\/\/www.caisdofarol.com\/wp-content\/uploads\/2020\/05\/Saude-150x150.png 150w\" sizes=\"(max-width: 400px) 100vw, 400px\" \/>\t\t\t\t\t\t\t\t\t\t\t<\/div>\n\t\t\t<\/a>\t\t<\/div>\n\n\t\t<div class=\"box-text text-center\" >\n\t\t\t<div class=\"box-text-inner\">\n\t\t\t\t\n<h4>SA\u00daDE<\/h4>\n\t\t\t<\/div>\n\t\t<\/div>\n\t<\/div>\n\t\n\t\t<\/div>\n\t<\/div>\n\n\t\n\n\t<div class=\"col medium-3 small-6 large-3\"  >\n\t\t<div class=\"col-inner\"  >\n\t\t\t\n\t\t\t\n\t<div class=\"box has-hover   has-hover box-text-bottom\" >\n\n\t\t<div class=\"box-image\" style=\"width:50%;\">\n\t\t\t<a href=\"https:\/\/www.caisdofarol.com\/en\/produtos\/vida\/\"  >\t\t\t<div class=\"image-grayscale image-zoom\" >\n\t\t\t\t<img width=\"400\" height=\"400\" src=\"https:\/\/www.caisdofarol.com\/wp-content\/uploads\/2020\/05\/Vida-1.png\" class=\"attachment- size-\" alt=\"\" decoding=\"async\" loading=\"lazy\" srcset=\"https:\/\/www.caisdofarol.com\/wp-content\/uploads\/2020\/05\/Vida-1.png 400w, https:\/\/www.caisdofarol.com\/wp-content\/uploads\/2020\/05\/Vida-1-300x300.png 300w, https:\/\/www.caisdofarol.com\/wp-content\/uploads\/2020\/05\/Vida-1-150x150.png 150w\" sizes=\"(max-width: 400px) 100vw, 400px\" \/>\t\t\t\t\t\t\t\t\t\t\t<\/div>\n\t\t\t<\/a>\t\t<\/div>\n\n\t\t<div class=\"box-text text-center\" >\n\t\t\t<div class=\"box-text-inner\">\n\t\t\t\t\n<h4>VIDA<\/h4>\n\t\t\t<\/div>\n\t\t<\/div>\n\t<\/div>\n\t\n\t\t<\/div>\n\t<\/div>\n\n\t\n\n\t<div class=\"col medium-3 small-6 large-3\"  >\n\t\t<div class=\"col-inner\"  >\n\t\t\t\n\t\t\t\n\t<div class=\"box has-hover   has-hover box-text-bottom\" >\n\n\t\t<div class=\"box-image\" style=\"width:50%;\">\n\t\t\t<a href=\"https:\/\/www.caisdofarol.com\/en\/produtos\/viagem\/\"  >\t\t\t<div class=\"image-grayscale image-zoom\" >\n\t\t\t\t<img width=\"2000\" height=\"2000\" src=\"https:\/\/www.caisdofarol.com\/wp-content\/uploads\/2020\/05\/Viagem.png\" class=\"attachment- size-\" alt=\"\" decoding=\"async\" loading=\"lazy\" srcset=\"https:\/\/www.caisdofarol.com\/wp-content\/uploads\/2020\/05\/Viagem.png 2000w, https:\/\/www.caisdofarol.com\/wp-content\/uploads\/2020\/05\/Viagem-300x300.png 300w, https:\/\/www.caisdofarol.com\/wp-content\/uploads\/2020\/05\/Viagem-1024x1024.png 1024w, https:\/\/www.caisdofarol.com\/wp-content\/uploads\/2020\/05\/Viagem-150x150.png 150w, https:\/\/www.caisdofarol.com\/wp-content\/uploads\/2020\/05\/Viagem-768x768.png 768w, https:\/\/www.caisdofarol.com\/wp-content\/uploads\/2020\/05\/Viagem-1536x1536.png 1536w\" sizes=\"(max-width: 2000px) 100vw, 2000px\" \/>\t\t\t\t\t\t\t\t\t\t\t<\/div>\n\t\t\t<\/a>\t\t<\/div>\n\n\t\t<div class=\"box-text text-center\" >\n\t\t\t<div class=\"box-text-inner\">\n\t\t\t\t\n<h4>VIAGEM<\/h4>\n\t\t\t<\/div>\n\t\t<\/div>\n\t<\/div>\n\t\n\t\t<\/div>\n\t<\/div>\n\n\t\n\n<style scope=\"scope\">\n\n<\/style>\n<\/div>\n<div class=\"row row-collapse align-equal align-center\"  id=\"row-1793140683\">\n\n\t<div class=\"col medium-3 small-6 large-3\"  >\n\t\t<div class=\"col-inner\"  >\n\t\t\t\n\t\t\t\n\t<div class=\"box has-hover   has-hover box-text-bottom\" >\n\n\t\t<div class=\"box-image\" style=\"width:50%;\">\n\t\t\t<a href=\"https:\/\/www.caisdofarol.com\/en\/produtos\/acidentes-pessoais\/\"  >\t\t\t<div class=\"image-grayscale image-zoom\" >\n\t\t\t\t<img width=\"400\" height=\"400\" src=\"https:\/\/www.caisdofarol.com\/wp-content\/uploads\/2020\/05\/Acidentes-Pessoais.png\" class=\"attachment- size-\" alt=\"\" decoding=\"async\" loading=\"lazy\" srcset=\"https:\/\/www.caisdofarol.com\/wp-content\/uploads\/2020\/05\/Acidentes-Pessoais.png 400w, https:\/\/www.caisdofarol.com\/wp-content\/uploads\/2020\/05\/Acidentes-Pessoais-300x300.png 300w, https:\/\/www.caisdofarol.com\/wp-content\/uploads\/2020\/05\/Acidentes-Pessoais-150x150.png 150w\" sizes=\"(max-width: 400px) 100vw, 400px\" \/>\t\t\t\t\t\t\t\t\t\t\t<\/div>\n\t\t\t<\/a>\t\t<\/div>\n\n\t\t<div class=\"box-text text-center\" >\n\t\t\t<div class=\"box-text-inner\">\n\t\t\t\t\n<h4>ACIDENTES PESSOAIS<\/h4>\n\t\t\t<\/div>\n\t\t<\/div>\n\t<\/div>\n\t\n\t\t<\/div>\n\t<\/div>\n\n\t\n\n\t<div class=\"col medium-3 small-6 large-3\"  >\n\t\t<div class=\"col-inner\"  >\n\t\t\t\n\t\t\t\n\t<div class=\"box has-hover   has-hover box-text-bottom\" >\n\n\t\t<div class=\"box-image\" style=\"width:50%;\">\n\t\t\t<a href=\"https:\/\/www.caisdofarol.com\/en\/produtos\/acidentes-de-trabalho\/\"  >\t\t\t<div class=\"image-grayscale image-zoom\" >\n\t\t\t\t<img width=\"400\" height=\"400\" src=\"https:\/\/www.caisdofarol.com\/wp-content\/uploads\/2020\/05\/Trabalho.png\" class=\"attachment- size-\" alt=\"\" decoding=\"async\" loading=\"lazy\" srcset=\"https:\/\/www.caisdofarol.com\/wp-content\/uploads\/2020\/05\/Trabalho.png 400w, https:\/\/www.caisdofarol.com\/wp-content\/uploads\/2020\/05\/Trabalho-300x300.png 300w, https:\/\/www.caisdofarol.com\/wp-content\/uploads\/2020\/05\/Trabalho-150x150.png 150w\" sizes=\"(max-width: 400px) 100vw, 400px\" \/>\t\t\t\t\t\t\t\t\t\t\t<\/div>\n\t\t\t<\/a>\t\t<\/div>\n\n\t\t<div class=\"box-text text-center\" >\n\t\t\t<div class=\"box-text-inner\">\n\t\t\t\t\n<h4>ACIDENTES DE TRABALHO<\/h4>\n\t\t\t<\/div>\n\t\t<\/div>\n\t<\/div>\n\t\n\t\t<\/div>\n\t<\/div>\n\n\t\n\n\t<div class=\"col medium-3 small-6 large-3\"  >\n\t\t<div class=\"col-inner\"  >\n\t\t\t\n\t\t\t\n\t<div class=\"box has-hover   has-hover box-text-bottom\" >\n\n\t\t<div class=\"box-image\" style=\"width:50%;\">\n\t\t\t<a href=\"https:\/\/www.caisdofarol.com\/en\/produtos\/multirriscos-habitacao\/\"  >\t\t\t<div class=\"image-grayscale image-zoom\" >\n\t\t\t\t<img width=\"400\" height=\"400\" src=\"https:\/\/www.caisdofarol.com\/wp-content\/uploads\/2020\/05\/Casa.png\" class=\"attachment- size-\" alt=\"\" decoding=\"async\" loading=\"lazy\" srcset=\"https:\/\/www.caisdofarol.com\/wp-content\/uploads\/2020\/05\/Casa.png 400w, https:\/\/www.caisdofarol.com\/wp-content\/uploads\/2020\/05\/Casa-300x300.png 300w, https:\/\/www.caisdofarol.com\/wp-content\/uploads\/2020\/05\/Casa-150x150.png 150w\" sizes=\"(max-width: 400px) 100vw, 400px\" \/>\t\t\t\t\t\t\t\t\t\t\t<\/div>\n\t\t\t<\/a>\t\t<\/div>\n\n\t\t<div class=\"box-text text-center\" >\n\t\t\t<div class=\"box-text-inner\">\n\t\t\t\t\n<h4>MULTIRISCOS HABITA\u00c7\u00c3O<\/h4>\n\t\t\t<\/div>\n\t\t<\/div>\n\t<\/div>\n\t\n\t\t<\/div>\n\t<\/div>\n\n\t\n\n\t<div class=\"col medium-3 small-6 large-3\"  >\n\t\t<div class=\"col-inner\"  >\n\t\t\t\n\t\t\t\n\t<div class=\"box has-hover   has-hover box-text-bottom\" >\n\n\t\t<div class=\"box-image\" style=\"width:50%;\">\n\t\t\t<a href=\"https:\/\/www.caisdofarol.com\/en\/produtos\/multirriscos-empresa\/\"  >\t\t\t<div class=\"image-grayscale image-zoom\" >\n\t\t\t\t<img width=\"401\" height=\"400\" src=\"https:\/\/www.caisdofarol.com\/wp-content\/uploads\/2020\/05\/Come\u0301rcio_1.png\" class=\"attachment- size-\" alt=\"\" decoding=\"async\" loading=\"lazy\" srcset=\"https:\/\/www.caisdofarol.com\/wp-content\/uploads\/2020\/05\/Come\u0301rcio_1.png 401w, https:\/\/www.caisdofarol.com\/wp-content\/uploads\/2020\/05\/Come\u0301rcio_1-300x300.png 300w, https:\/\/www.caisdofarol.com\/wp-content\/uploads\/2020\/05\/Come\u0301rcio_1-150x150.png 150w\" sizes=\"(max-width: 401px) 100vw, 401px\" \/>\t\t\t\t\t\t\t\t\t\t\t<\/div>\n\t\t\t<\/a>\t\t<\/div>\n\n\t\t<div class=\"box-text text-center\" >\n\t\t\t<div class=\"box-text-inner\">\n\t\t\t\t\n<h4>MULTIRISCOS EMPRESA<\/h4>\n\t\t\t<\/div>\n\t\t<\/div>\n\t<\/div>\n\t\n\t\t<\/div>\n\t<\/div>\n\n\t\n\n<style scope=\"scope\">\n\n<\/style>\n<\/div>\n<div class=\"row row-collapse align-middle align-center\"  id=\"row-151124755\">\n\n\t<div class=\"col medium-3 small-6 large-3\"  >\n\t\t<div class=\"col-inner\"  >\n\t\t\t\n\t\t\t\n\t<div class=\"box has-hover   has-hover box-text-bottom\" >\n\n\t\t<div class=\"box-image\" style=\"width:50%;\">\n\t\t\t<a href=\"https:\/\/www.caisdofarol.com\/en\/produtos\/multirriscos-condominio\/\"  >\t\t\t<div class=\"image-grayscale image-zoom\" >\n\t\t\t\t<img width=\"401\" height=\"400\" src=\"https:\/\/www.caisdofarol.com\/wp-content\/uploads\/2020\/05\/Condominio-8.png\" class=\"attachment- size-\" alt=\"\" decoding=\"async\" loading=\"lazy\" srcset=\"https:\/\/www.caisdofarol.com\/wp-content\/uploads\/2020\/05\/Condominio-8.png 401w, https:\/\/www.caisdofarol.com\/wp-content\/uploads\/2020\/05\/Condominio-8-300x300.png 300w, https:\/\/www.caisdofarol.com\/wp-content\/uploads\/2020\/05\/Condominio-8-150x150.png 150w\" sizes=\"(max-width: 401px) 100vw, 401px\" \/>\t\t\t\t\t\t\t\t\t\t\t<\/div>\n\t\t\t<\/a>\t\t<\/div>\n\n\t\t<div class=\"box-text text-center\" >\n\t\t\t<div class=\"box-text-inner\">\n\t\t\t\t\n<h4>MULTIRISCOS CONDOM\u00cdNIO<\/h4>\n\t\t\t<\/div>\n\t\t<\/div>\n\t<\/div>\n\t\n\t\t<\/div>\n\t<\/div>\n\n\t\n\n\t<div class=\"col medium-3 small-6 large-3\"  >\n\t\t<div class=\"col-inner\"  >\n\t\t\t\n\t\t\t\n\t<div class=\"box has-hover   has-hover box-text-bottom\" >\n\n\t\t<div class=\"box-image\" style=\"width:50%;\">\n\t\t\t<a href=\"https:\/\/www.caisdofarol.com\/en\/produtos\/responsabilidade-civil-familiar\/\"  >\t\t\t<div class=\"image-grayscale image-zoom\" >\n\t\t\t\t<img width=\"400\" height=\"400\" src=\"https:\/\/www.caisdofarol.com\/wp-content\/uploads\/2020\/05\/Responsabilidade-Civil.png\" class=\"attachment- size-\" alt=\"\" decoding=\"async\" loading=\"lazy\" srcset=\"https:\/\/www.caisdofarol.com\/wp-content\/uploads\/2020\/05\/Responsabilidade-Civil.png 400w, https:\/\/www.caisdofarol.com\/wp-content\/uploads\/2020\/05\/Responsabilidade-Civil-300x300.png 300w, https:\/\/www.caisdofarol.com\/wp-content\/uploads\/2020\/05\/Responsabilidade-Civil-150x150.png 150w\" sizes=\"(max-width: 400px) 100vw, 400px\" \/>\t\t\t\t\t\t\t\t\t\t\t<\/div>\n\t\t\t<\/a>\t\t<\/div>\n\n\t\t<div class=\"box-text text-center\" >\n\t\t\t<div class=\"box-text-inner\">\n\t\t\t\t\n<h4>RESP. CIVIL FAMILIAR<\/h4>\n\t\t\t<\/div>\n\t\t<\/div>\n\t<\/div>\n\t\n\t\t<\/div>\n\t<\/div>\n\n\t\n\n\t<div class=\"col medium-3 small-6 large-3\"  >\n\t\t<div class=\"col-inner\"  >\n\t\t\t\n\t\t\t\n\t<div class=\"box has-hover   has-hover box-text-bottom\" >\n\n\t\t<div class=\"box-image\" style=\"width:50%;\">\n\t\t\t<a href=\"https:\/\/www.caisdofarol.com\/en\/produtos\/responsabilidade-civil-exploracao\/\"  >\t\t\t<div class=\"image-grayscale image-zoom\" >\n\t\t\t\t<img width=\"401\" height=\"400\" src=\"https:\/\/www.caisdofarol.com\/wp-content\/uploads\/2020\/05\/Explorac\u0327a\u0303o-8.png\" class=\"attachment- size-\" alt=\"\" decoding=\"async\" loading=\"lazy\" srcset=\"https:\/\/www.caisdofarol.com\/wp-content\/uploads\/2020\/05\/Explorac\u0327a\u0303o-8.png 401w, https:\/\/www.caisdofarol.com\/wp-content\/uploads\/2020\/05\/Explorac\u0327a\u0303o-8-300x300.png 300w, https:\/\/www.caisdofarol.com\/wp-content\/uploads\/2020\/05\/Explorac\u0327a\u0303o-8-150x150.png 150w\" sizes=\"(max-width: 401px) 100vw, 401px\" \/>\t\t\t\t\t\t\t\t\t\t\t<\/div>\n\t\t\t<\/a>\t\t<\/div>\n\n\t\t<div class=\"box-text text-center\" >\n\t\t\t<div class=\"box-text-inner\">\n\t\t\t\t\n<h4>RESP. CIVIL EXPLORA\u00c7\u00c3O<\/h4>\n\t\t\t<\/div>\n\t\t<\/div>\n\t<\/div>\n\t\n\t\t<\/div>\n\t<\/div>\n\n\t\n\n\t<div class=\"col medium-3 small-6 large-3\"  >\n\t\t<div class=\"col-inner\"  >\n\t\t\t\n\t\t\t\n\t<div class=\"box has-hover   has-hover box-text-bottom\" >\n\n\t\t<div class=\"box-image\" style=\"width:50%;\">\n\t\t\t<a href=\"https:\/\/www.caisdofarol.com\/en\/produtos\/responsabilidade-civil-profissional\/\"  >\t\t\t<div class=\"image-grayscale image-zoom\" >\n\t\t\t\t<img width=\"401\" height=\"400\" src=\"https:\/\/www.caisdofarol.com\/wp-content\/uploads\/2020\/05\/Profissional-8.png\" class=\"attachment- size-\" alt=\"\" decoding=\"async\" loading=\"lazy\" srcset=\"https:\/\/www.caisdofarol.com\/wp-content\/uploads\/2020\/05\/Profissional-8.png 401w, https:\/\/www.caisdofarol.com\/wp-content\/uploads\/2020\/05\/Profissional-8-300x300.png 300w, https:\/\/www.caisdofarol.com\/wp-content\/uploads\/2020\/05\/Profissional-8-150x150.png 150w\" sizes=\"(max-width: 401px) 100vw, 401px\" \/>\t\t\t\t\t\t\t\t\t\t\t<\/div>\n\t\t\t<\/a>\t\t<\/div>\n\n\t\t<div class=\"box-text text-center\" >\n\t\t\t<div class=\"box-text-inner\">\n\t\t\t\t\n<h4>RESP. CIVIL PROFISSIONAL<\/h4>\n\t\t\t<\/div>\n\t\t<\/div>\n\t<\/div>\n\t\n\t\t<\/div>\n\t<\/div>\n\n\t\n\n<style scope=\"scope\">\n\n<\/style>\n<\/div>\n<div class=\"row row-collapse align-equal align-center\"  id=\"row-166889434\">\n\n\t<div class=\"col medium-3 small-6 large-3\"  >\n\t\t<div class=\"col-inner\"  >\n\t\t\t\n\t\t\t\n\t<div class=\"box has-hover   has-hover box-text-bottom\" >\n\n\t\t<div class=\"box-image\" style=\"width:50%;\">\n\t\t\t<a href=\"https:\/\/www.caisdofarol.com\/en\/produtos\/mercadorias-transportadas\/\"  >\t\t\t<div class=\"image-grayscale image-zoom\" >\n\t\t\t\t<img width=\"401\" height=\"400\" src=\"https:\/\/www.caisdofarol.com\/wp-content\/uploads\/2020\/05\/Mercadorias-8.png\" class=\"attachment- size-\" alt=\"\" decoding=\"async\" loading=\"lazy\" srcset=\"https:\/\/www.caisdofarol.com\/wp-content\/uploads\/2020\/05\/Mercadorias-8.png 401w, https:\/\/www.caisdofarol.com\/wp-content\/uploads\/2020\/05\/Mercadorias-8-300x300.png 300w, https:\/\/www.caisdofarol.com\/wp-content\/uploads\/2020\/05\/Mercadorias-8-150x150.png 150w\" sizes=\"(max-width: 401px) 100vw, 401px\" \/>\t\t\t\t\t\t\t\t\t\t\t<\/div>\n\t\t\t<\/a>\t\t<\/div>\n\n\t\t<div class=\"box-text text-center\" >\n\t\t\t<div class=\"box-text-inner\">\n\t\t\t\t\n<h4>MERCADORIAS TRANSPORTADAS<\/h4>\n\t\t\t<\/div>\n\t\t<\/div>\n\t<\/div>\n\t\n\t\t<\/div>\n\t<\/div>\n\n\t\n\n\t<div class=\"col medium-3 small-6 large-3\"  >\n\t\t<div class=\"col-inner\"  >\n\t\t\t\n\t\t\t\n\t<div class=\"box has-hover   has-hover box-text-bottom\" >\n\n\t\t<div class=\"box-image\" style=\"width:50%;\">\n\t\t\t<a href=\"https:\/\/www.caisdofarol.com\/en\/produtos\/bens-em-leasing\/\"  >\t\t\t<div class=\"image-grayscale image-zoom\" >\n\t\t\t\t<img width=\"401\" height=\"400\" src=\"https:\/\/www.caisdofarol.com\/wp-content\/uploads\/2020\/05\/Leasing-8.png\" class=\"attachment- size-\" alt=\"\" decoding=\"async\" loading=\"lazy\" srcset=\"https:\/\/www.caisdofarol.com\/wp-content\/uploads\/2020\/05\/Leasing-8.png 401w, https:\/\/www.caisdofarol.com\/wp-content\/uploads\/2020\/05\/Leasing-8-300x300.png 300w, https:\/\/www.caisdofarol.com\/wp-content\/uploads\/2020\/05\/Leasing-8-150x150.png 150w\" sizes=\"(max-width: 401px) 100vw, 401px\" \/>\t\t\t\t\t\t\t\t\t\t\t<\/div>\n\t\t\t<\/a>\t\t<\/div>\n\n\t\t<div class=\"box-text text-center\" >\n\t\t\t<div class=\"box-text-inner\">\n\t\t\t\t\n<h4>BENS EM LEASING<\/h4>\n\t\t\t<\/div>\n\t\t<\/div>\n\t<\/div>\n\t\n\t\t<\/div>\n\t<\/div>\n\n\t\n\n\t<div class=\"col medium-3 small-6 large-3\"  >\n\t\t<div class=\"col-inner\"  >\n\t\t\t\n\t\t\t\n\t<div class=\"box has-hover   has-hover box-text-bottom\" >\n\n\t\t<div class=\"box-image\" style=\"width:50%;\">\n\t\t\t<a href=\"https:\/\/www.caisdofarol.com\/en\/produtos\/nautica\/\"  >\t\t\t<div class=\"image-grayscale image-zoom\" >\n\t\t\t\t<img width=\"401\" height=\"400\" src=\"https:\/\/www.caisdofarol.com\/wp-content\/uploads\/2020\/05\/Nautica-8.png\" class=\"attachment- size-\" alt=\"\" decoding=\"async\" loading=\"lazy\" srcset=\"https:\/\/www.caisdofarol.com\/wp-content\/uploads\/2020\/05\/Nautica-8.png 401w, https:\/\/www.caisdofarol.com\/wp-content\/uploads\/2020\/05\/Nautica-8-300x300.png 300w, https:\/\/www.caisdofarol.com\/wp-content\/uploads\/2020\/05\/Nautica-8-150x150.png 150w\" sizes=\"(max-width: 401px) 100vw, 401px\" \/>\t\t\t\t\t\t\t\t\t\t\t<\/div>\n\t\t\t<\/a>\t\t<\/div>\n\n\t\t<div class=\"box-text text-center\" >\n\t\t\t<div class=\"box-text-inner\">\n\t\t\t\t\n<h4>N\u00c1UTICA<\/h4>\n\t\t\t<\/div>\n\t\t<\/div>\n\t<\/div>\n\t\n\t\t<\/div>\n\t<\/div>\n\n\t\n\n\t<div class=\"col medium-3 small-6 large-3\"  >\n\t\t<div class=\"col-inner\"  >\n\t\t\t\n\t\t\t\n\t<div class=\"box has-hover   has-hover box-text-bottom\" >\n\n\t\t<div class=\"box-image\" style=\"width:50%;\">\n\t\t\t<a href=\"https:\/\/www.caisdofarol.com\/en\/produtos\/poupancas-e-investimentos\/\"  >\t\t\t<div class=\"image-grayscale image-zoom\" >\n\t\t\t\t<img width=\"401\" height=\"400\" src=\"https:\/\/www.caisdofarol.com\/wp-content\/uploads\/2020\/05\/Investimentos-8.png\" class=\"attachment- size-\" alt=\"\" decoding=\"async\" loading=\"lazy\" srcset=\"https:\/\/www.caisdofarol.com\/wp-content\/uploads\/2020\/05\/Investimentos-8.png 401w, https:\/\/www.caisdofarol.com\/wp-content\/uploads\/2020\/05\/Investimentos-8-300x300.png 300w, https:\/\/www.caisdofarol.com\/wp-content\/uploads\/2020\/05\/Investimentos-8-150x150.png 150w\" sizes=\"(max-width: 401px) 100vw, 401px\" \/>\t\t\t\t\t\t\t\t\t\t\t<\/div>\n\t\t\t<\/a>\t\t<\/div>\n\n\t\t<div class=\"box-text text-center\" >\n\t\t\t<div class=\"box-text-inner\">\n\t\t\t\t\n<h4>POUPAN\u00c7AS E INVESTIMENTOS<\/h4>\n\t\t\t<\/div>\n\t\t<\/div>\n\t<\/div>\n\t\n\t\t<\/div>\n\t<\/div>\n\n\t\n\n<style scope=\"scope\">\n\n<\/style>\n<\/div>\n\t\t<\/div>\n\n\t\t\n<style scope=\"scope\">\n\n#section_797393326 {\n  padding-top: 0px;\n  padding-bottom: 0px;\n}\n<\/style>\n\t<\/section>\n\t\n<div class=\"text-center\"><div class=\"is-divider divider clearfix\" style=\"margin-top:0.8em;margin-bottom:0.8em;max-width:600px;height:1px;\"><\/div><\/div>\n<div class=\"row\"  id=\"row-745820259\">\n\n\t<div class=\"col small-12 large-12\"  >\n\t\t<div class=\"col-inner\"  >\n\t\t\t\n\t\t\t\n<h2>Pe\u00e7a agora para ser contactado<\/h2>\n<p>Para qualquer outro ramo de seguros ou necessidade espec\u00edfica de protec\u00e7\u00e3o, queira por favor consultar-nos. Propormos-lhe a solu\u00e7\u00e3o mais adequada.<\/p>\n<a href=\"https:\/\/www.caisdofarol.com\/en\/simulacoes\/\" target=\"_self\" class=\"button primary expand\"  style=\"border-radius:99px;\">\n    <span>QUERO SER CONTACTADO<\/span>\n  <i class=\"icon-phone\" ><\/i><\/a>\n\n\t\t<\/div>\n\t<\/div>\n\n\t\n<\/div>","protected":false},"excerpt":{"rendered":"","protected":false},"author":1,"featured_media":0,"parent":0,"menu_order":0,"comment_status":"closed","ping_status":"closed","template":"page-blank-sub-nav-vertical.php","meta":[],"aioseo_notices":[],"_links":{"self":[{"href":"https:\/\/www.caisdofarol.com\/en\/wp-json\/wp\/v2\/pages\/552"}],"collection":[{"href":"https:\/\/www.caisdofarol.com\/en\/wp-json\/wp\/v2\/pages"}],"about":[{"href":"https:\/\/www.caisdofarol.com\/en\/wp-json\/wp\/v2\/types\/page"}],"author":[{"embeddable":true,"href":"https:\/\/www.caisdofarol.com\/en\/wp-json\/wp\/v2\/users\/1"}],"replies":[{"embeddable":true,"href":"https:\/\/www.caisdofarol.com\/en\/wp-json\/wp\/v2\/comments?post=552"}],"version-history":[{"count":115,"href":"https:\/\/www.caisdofarol.com\/en\/wp-json\/wp\/v2\/pages\/552\/revisions"}],"predecessor-version":[{"id":1310,"href":"https:\/\/www.caisdofarol.com\/en\/wp-json\/wp\/v2\/pages\/552\/revisions\/1310"}],"wp:attachment":[{"href":"https:\/\/www.caisdofarol.com\/en\/wp-json\/wp\/v2\/media?parent=552"}],"curies":[{"name":"wp","href":"https:\/\/api.w.org\/{rel}","templated":true}]}}