{"id":382,"date":"2020-05-07T17:54:53","date_gmt":"2020-05-07T17:54:53","guid":{"rendered":"https:\/\/www.caisdofarol.com\/?page_id=382"},"modified":"2020-05-09T08:38:01","modified_gmt":"2020-05-09T08:38:01","slug":"solucoes","status":"publish","type":"page","link":"https:\/\/www.caisdofarol.com\/en\/solucoes\/","title":{"rendered":"solu\u00e7\u00f5es"},"content":{"rendered":"<section class=\"section\" id=\"section_538645098\">\n\t\t<div class=\"bg section-bg fill bg-fill  bg-loaded\" >\n\n\t\t\t\n\t\t\t\n\t\t\t\n\n\t\t<\/div>\n\n\t\t<div class=\"section-content relative\">\n\t\t\t\n\n<div class=\"container section-title-container\" ><h3 class=\"section-title section-title-normal\"><b><\/b><span class=\"section-title-main\" >SOLU\u00c7\u00d4ES<\/span><b><\/b><\/h3><\/div>\n\n<div class=\"row\"  id=\"row-427840306\">\n\n\n\t<div class=\"col small-12 large-12\"  >\n\t\t<div class=\"col-inner text-left\"  >\n\t\t\t\n\t\t\t\n\n<p style=\"text-align: left;\">Ao longo da vida e com o mundo em constante mudan\u00e7a, diferentes necessidades de protec\u00e7\u00e3o v\u00e3o surgindo. O nosso trabalho come\u00e7a por determinar quais os perigos a que est\u00e1 mais suscept\u00edvel.<\/p>\n<p style=\"text-align: left;\">Temos como principal objectivo privilegi\u00e1-lo sempre, oferecemos solu\u00e7\u00f5es personalizadas e inovadoras, para que sinta que a sua&nbsp;<strong>fam\u00edlia<\/strong>, os seus&nbsp;<strong>neg\u00f3cios<\/strong>&nbsp;e&nbsp;<strong>investimentos<\/strong>&nbsp;est\u00e3o seguros e protegidos quando os infort\u00fanios surgirem.<\/p>\n<p style=\"text-align: left;\">Dispomos tamb\u00e9m de solu\u00e7\u00f5es de&nbsp;<strong>financiamento<\/strong>, destinado a particulares e empresas, garantindo as melhores condi\u00e7\u00f5es financeiras, de acordo com os seus objetivos e as suas necessidades.<\/p>\n\n\t\t<\/div>\n\t<\/div>\n\n\t\n\n<\/div>\n<div class=\"row row-small align-center\"  id=\"row-1053853734\">\n\n\n\t<div class=\"col medium-6 large-6\"  >\n\t\t<div class=\"col-inner\"  >\n\t\t\t\n\t\t\t\n\n\t<div class=\"box has-hover   has-hover box-text-bottom\" >\n\n\t\t<div class=\"box-image\" >\n\t\t\t\t\t\t<div class=\"image-color\" >\n\t\t\t\t<img width=\"2560\" height=\"1706\" src=\"https:\/\/www.caisdofarol.com\/wp-content\/uploads\/2020\/05\/slider-1-scaled-e1588596980431.jpg\" class=\"attachment- size-\" alt=\"\" decoding=\"async\" loading=\"lazy\" srcset=\"https:\/\/www.caisdofarol.com\/wp-content\/uploads\/2020\/05\/slider-1-scaled-e1588596980431.jpg 2560w, https:\/\/www.caisdofarol.com\/wp-content\/uploads\/2020\/05\/slider-1-scaled-e1588596980431-300x200.jpg 300w, https:\/\/www.caisdofarol.com\/wp-content\/uploads\/2020\/05\/slider-1-scaled-e1588596980431-1024x682.jpg 1024w, https:\/\/www.caisdofarol.com\/wp-content\/uploads\/2020\/05\/slider-1-scaled-e1588596980431-768x512.jpg 768w, https:\/\/www.caisdofarol.com\/wp-content\/uploads\/2020\/05\/slider-1-scaled-e1588596980431-1536x1024.jpg 1536w, https:\/\/www.caisdofarol.com\/wp-content\/uploads\/2020\/05\/slider-1-scaled-e1588596980431-2048x1365.jpg 2048w\" sizes=\"(max-width: 2560px) 100vw, 2560px\" \/>\t\t\t\t\t\t\t\t\t\t\t<\/div>\n\t\t\t\t\t<\/div>\n\n\t\t<div class=\"box-text text-center\" >\n\t\t\t<div class=\"box-text-inner\">\n\t\t\t\t\n\n<h4>SOLU\u00c7\u00d5ES DE PROTE\u00c7\u00c3O FAMILIAR<\/h4>\n<h6>Seguran\u00e7a em redor do seu mundo<\/h6>\n<p>&nbsp;<\/p>\n<p>Para as Fam\u00edlias tentamos garantir seguran\u00e7a e bem-estar, oferecendo solu\u00e7\u00f5es de protec\u00e7\u00e3o adequadas e personalizadas, em fun\u00e7\u00e3o dos seus objectivos e expectativas&#8230;<\/p>\n<a class=\"button primary is-outline\"  style=\"border-radius:99px;\">\n    <span>SOLU\u00c7\u00d5ES PARTICULARES<\/span>\n  <i class=\"icon-angle-right\" ><\/i><\/a>\n\n\n\n\t\t\t<\/div>\n\t\t<\/div>\n\t<\/div>\n\t\n\n\t\t<\/div>\n\t<\/div>\n\n\t\n\n\t<div class=\"col medium-6 large-6\"  >\n\t\t<div class=\"col-inner\"  >\n\t\t\t\n\t\t\t\n\n\t<div class=\"box has-hover   has-hover box-text-bottom\" >\n\n\t\t<div class=\"box-image\" >\n\t\t\t\t\t\t<div class=\"image-color\" >\n\t\t\t\t<img width=\"2000\" height=\"1335\" src=\"https:\/\/www.caisdofarol.com\/wp-content\/uploads\/2020\/05\/banner-business.jpg\" class=\"attachment- size-\" alt=\"\" decoding=\"async\" loading=\"lazy\" srcset=\"https:\/\/www.caisdofarol.com\/wp-content\/uploads\/2020\/05\/banner-business.jpg 2000w, https:\/\/www.caisdofarol.com\/wp-content\/uploads\/2020\/05\/banner-business-300x200.jpg 300w, https:\/\/www.caisdofarol.com\/wp-content\/uploads\/2020\/05\/banner-business-1024x684.jpg 1024w, https:\/\/www.caisdofarol.com\/wp-content\/uploads\/2020\/05\/banner-business-768x513.jpg 768w, https:\/\/www.caisdofarol.com\/wp-content\/uploads\/2020\/05\/banner-business-1536x1025.jpg 1536w\" sizes=\"(max-width: 2000px) 100vw, 2000px\" \/>\t\t\t\t\t\t\t\t\t\t\t<\/div>\n\t\t\t\t\t<\/div>\n\n\t\t<div class=\"box-text text-center\" >\n\t\t\t<div class=\"box-text-inner\">\n\t\t\t\t\n\n<h4>SOLU\u00c7\u00d5ES DE PROTE\u00c7\u00c3O EMPRESARIAL<\/h4>\n<h6>Bons neg\u00f3cios s\u00e3o neg\u00f3cios seguros<\/h6>\n<p>&nbsp;<\/p>\n<p>Para as Empresas e Trabalhadores Independentes, proporcionamos solu\u00e7\u00f5es de protec\u00e7\u00e3o completas e espec\u00edficas, enquadradas nas necessidades diversos sectores&#8230;<\/p>\n<a class=\"button primary is-outline\"  style=\"border-radius:99px;\">\n    <span>SOLU\u00c7\u00d5ES EMPRESARIAIS<\/span>\n  <i class=\"icon-angle-right\" ><\/i><\/a>\n\n\n\n\t\t\t<\/div>\n\t\t<\/div>\n\t<\/div>\n\t\n\n\t\t<\/div>\n\t<\/div>\n\n\t\n\n\n<style scope=\"scope\">\n\n<\/style>\n<\/div>\n\n\t\t<\/div>\n\n\t\t\n<style scope=\"scope\">\n\n#section_538645098 {\n  padding-top: 30px;\n  padding-bottom: 30px;\n}\n<\/style>\n\t<\/section>","protected":false},"excerpt":{"rendered":"","protected":false},"author":1,"featured_media":0,"parent":0,"menu_order":0,"comment_status":"closed","ping_status":"closed","template":"page-blank.php","meta":[],"aioseo_notices":[],"_links":{"self":[{"href":"https:\/\/www.caisdofarol.com\/en\/wp-json\/wp\/v2\/pages\/382"}],"collection":[{"href":"https:\/\/www.caisdofarol.com\/en\/wp-json\/wp\/v2\/pages"}],"about":[{"href":"https:\/\/www.caisdofarol.com\/en\/wp-json\/wp\/v2\/types\/page"}],"author":[{"embeddable":true,"href":"https:\/\/www.caisdofarol.com\/en\/wp-json\/wp\/v2\/users\/1"}],"replies":[{"embeddable":true,"href":"https:\/\/www.caisdofarol.com\/en\/wp-json\/wp\/v2\/comments?post=382"}],"version-history":[{"count":9,"href":"https:\/\/www.caisdofarol.com\/en\/wp-json\/wp\/v2\/pages\/382\/revisions"}],"predecessor-version":[{"id":467,"href":"https:\/\/www.caisdofarol.com\/en\/wp-json\/wp\/v2\/pages\/382\/revisions\/467"}],"wp:attachment":[{"href":"https:\/\/www.caisdofarol.com\/en\/wp-json\/wp\/v2\/media?parent=382"}],"curies":[{"name":"wp","href":"https:\/\/api.w.org\/{rel}","templated":true}]}}