{"id":363,"date":"2020-05-07T12:33:33","date_gmt":"2020-05-07T12:33:33","guid":{"rendered":"https:\/\/www.caisdofarol.com\/?page_id=363"},"modified":"2020-05-07T17:52:47","modified_gmt":"2020-05-07T17:52:47","slug":"simulacoes","status":"publish","type":"page","link":"https:\/\/www.caisdofarol.com\/en\/simulacoes\/","title":{"rendered":"simula\u00e7\u00f5es"},"content":{"rendered":"<section class=\"section\" id=\"section_1913096957\">\n\t\t<div class=\"bg section-bg fill bg-fill  bg-loaded\" >\n\n\t\t\t\n\t\t\t\n\t\t\t\n\n\t\t<\/div>\n\n\t\t<div class=\"section-content relative\">\n\t\t\t\n\n<div class=\"container section-title-container\" ><h3 class=\"section-title section-title-normal\"><b><\/b><span class=\"section-title-main\" >PEDIDO DE SIMULA\u00c7\u00c3O<\/span><b><\/b><\/h3><\/div>\n\n<div class=\"row\"  id=\"row-1764301124\">\n\n\n\t<div class=\"col small-12 large-12\"  >\n\t\t<div class=\"col-inner text-left\"  >\n\t\t\t\n\t\t\t\n\n<p style=\"text-align: left;\">O nosso compromisso \u00e9 o de lhe prestar toda a aten\u00e7\u00e3o que merece. Apresente-nos o seu caso. <strong>Estamos dispon\u00edveis para analis\u00e1-lo e apresentar-lhe as melhores solu\u00e7\u00f5es, de forma totalmente gratuita.<\/strong><\/p>\n<div role=\"form\" class=\"wpcf7\" id=\"wpcf7-f368-o1\" lang=\"pt-PT\" dir=\"ltr\">\n<div class=\"screen-reader-response\"><p role=\"status\" aria-live=\"polite\" aria-atomic=\"true\"><\/p> <ul><\/ul><\/div>\n<form action=\"\/en\/wp-json\/wp\/v2\/pages\/363#wpcf7-f368-o1\" method=\"post\" class=\"wpcf7-form init\" novalidate=\"novalidate\" data-status=\"init\" data-trp-original-action=\"\/en\/wp-json\/wp\/v2\/pages\/363#wpcf7-f368-o1\">\n<div style=\"display: none;\">\n<input type=\"hidden\" name=\"_wpcf7\" value=\"368\" \/>\n<input type=\"hidden\" name=\"_wpcf7_version\" value=\"5.6.4\" \/>\n<input type=\"hidden\" name=\"_wpcf7_locale\" value=\"pt_PT\" \/>\n<input type=\"hidden\" name=\"_wpcf7_unit_tag\" value=\"wpcf7-f368-o1\" \/>\n<input type=\"hidden\" name=\"_wpcf7_container_post\" value=\"0\" \/>\n<input type=\"hidden\" name=\"_wpcf7_posted_data_hash\" value=\"\" \/>\n<input type=\"hidden\" name=\"_wpcf7_recaptcha_response\" value=\"\" \/>\n<\/div>\n<div class=\"form-flat\">\n<label><br \/>\n    <span class=\"wpcf7-form-control-wrap\" data-name=\"your-name\"><input type=\"text\" name=\"your-name\" value=\"\" size=\"40\" class=\"wpcf7-form-control wpcf7-text wpcf7-validates-as-required\" aria-required=\"true\" aria-invalid=\"false\" placeholder=\"O SEU NOME (obrigat\u00f3rio)\" \/><\/span> <\/label><\/p>\n<p><label><br \/>\n    <span class=\"wpcf7-form-control-wrap\" data-name=\"your-email\"><input type=\"email\" name=\"your-email\" value=\"\" size=\"40\" class=\"wpcf7-form-control wpcf7-text wpcf7-email wpcf7-validates-as-required wpcf7-validates-as-email\" aria-required=\"true\" aria-invalid=\"false\" placeholder=\"O SEU EMAIL (obrigat\u00f3rio)\" \/><\/span> <\/label><\/p>\n<p><label><br \/>\n    <span class=\"wpcf7-form-control-wrap\" data-name=\"your-phone\"><input type=\"text\" name=\"your-phone\" value=\"\" size=\"40\" class=\"wpcf7-form-control wpcf7-text\" aria-invalid=\"false\" placeholder=\"O SEU CONTATO FIXO OU M\u00d3VEL (obrigat\u00f3rio)\" \/><\/span> <\/label><\/p>\n<p><label><br \/>\n    <span class=\"wpcf7-form-control-wrap\" data-name=\"your-datecall\"><input type=\"text\" name=\"your-datecall\" value=\"\" size=\"40\" class=\"wpcf7-form-control wpcf7-text\" aria-invalid=\"false\" placeholder=\"DATA PARA CONTATO (dd\/mm\/aaaa)\" \/><\/span> <\/label><\/p>\n<p><label><br \/>\n    <span class=\"wpcf7-form-control-wrap\" data-name=\"your-timetocall\"><input type=\"text\" name=\"your-timetocall\" value=\"\" size=\"40\" class=\"wpcf7-form-control wpcf7-text\" aria-invalid=\"false\" placeholder=\"HOR\u00c1RIO DE CONTATO (por ex. 15h30, 18h00)\" \/><\/span> <\/label><\/p>\n<p><label><br \/>\n    <span class=\"wpcf7-form-control-wrap\" data-name=\"your-message\"><textarea name=\"your-message\" cols=\"40\" rows=\"10\" class=\"wpcf7-form-control wpcf7-textarea\" aria-invalid=\"false\" placeholder=\"OBSERVA\u00c7\u00d5ES OU INFORMA\u00c7\u00c3O ADICIONAL\"><\/textarea><\/span> <\/label><\/p>\n<p>Pergunta de Seguran\u00e7a: <span class=\"wpcf7-form-control-wrap\" data-name=\"capital-quiz\"><label><span class=\"wpcf7-quiz-label\">Qual o maior n\u00famero, 2 ou 8?<\/span> <input type=\"text\" name=\"capital-quiz\" size=\"40\" class=\"wpcf7-form-control wpcf7-quiz\" autocomplete=\"off\" aria-required=\"true\" aria-invalid=\"false\" \/><\/label><input type=\"hidden\" name=\"_wpcf7_quiz_answer_capital-quiz\" value=\"d28cd3fb3327d2ce6be8d0d72d84780a\" \/><\/span><br \/>\n<span class=\"wpcf7-form-control-wrap\" data-name=\"acceptance-754\"><span class=\"wpcf7-form-control wpcf7-acceptance\"><span class=\"wpcf7-list-item\"><label><input type=\"checkbox\" name=\"acceptance-754\" value=\"1\" aria-invalid=\"false\" \/><span class=\"wpcf7-list-item-label\">Os dados pessoais recolhidos neste formul\u00e1rio ser\u00e3o usados exclusivamente para o prop\u00f3sito da sua utiliza\u00e7\u00e3o. Consequentemente, n\u00e3o receber\u00e1 qualquer comunica\u00e7\u00e3o n\u00e3o solicitada baseada nas informa\u00e7\u00f5es aqui colocadas. Para mais informa\u00e7\u00f5es, consulte a nossa Pol\u00edtica de Privacidade.<\/span><\/label><\/span><\/span><\/span><\/p>\n<p><input type=\"submit\" value=\"Enviar\" class=\"wpcf7-form-control has-spinner wpcf7-submit\" \/>\n    <\/p><\/div>\n<p style=\"display: none !important;\"><label>&#916;<textarea name=\"_wpcf7_ak_hp_textarea\" cols=\"45\" rows=\"8\" maxlength=\"100\"><\/textarea><\/label><input type=\"hidden\" id=\"ak_js_1\" name=\"_wpcf7_ak_js\" value=\"109\"\/><script>document.getElementById( \"ak_js_1\" ).setAttribute( \"value\", ( new Date() ).getTime() );<\/script><\/p><div class=\"wpcf7-response-output\" aria-hidden=\"true\"><\/div><input type=\"hidden\" name=\"trp-form-language\" value=\"en\"\/><\/form><\/div>\n\n<p style=\"text-align: left;\">Agradecemos desde j\u00e1 a confian\u00e7a depositada na\u00a0<em>Cais do Farol Seguros<\/em>\u00a0e esperamos ir ao encontro da excel\u00eancia de servi\u00e7o que espera de n\u00f3s, contando apresentar-lhe solu\u00e7\u00f5es de qualidade que melhor satisfa\u00e7am as suas necessidades.<\/p>\n<p style=\"text-align: left;\">Para qualquer outro ramo de seguros ou necessidade espec\u00edfica de protec\u00e7\u00e3o, queira por favor consultar-nos. Propormos-lhe a solu\u00e7\u00e3o mais adequada.<\/p>\n\n\t\t<\/div>\n\t<\/div>\n\n\t\n\n<\/div>\n\n\t\t<\/div>\n\n\t\t\n<style scope=\"scope\">\n\n#section_1913096957 {\n  padding-top: 30px;\n  padding-bottom: 30px;\n}\n<\/style>\n\t<\/section>","protected":false},"excerpt":{"rendered":"","protected":false},"author":1,"featured_media":0,"parent":0,"menu_order":0,"comment_status":"closed","ping_status":"closed","template":"page-blank.php","meta":[],"aioseo_notices":[],"_links":{"self":[{"href":"https:\/\/www.caisdofarol.com\/en\/wp-json\/wp\/v2\/pages\/363"}],"collection":[{"href":"https:\/\/www.caisdofarol.com\/en\/wp-json\/wp\/v2\/pages"}],"about":[{"href":"https:\/\/www.caisdofarol.com\/en\/wp-json\/wp\/v2\/types\/page"}],"author":[{"embeddable":true,"href":"https:\/\/www.caisdofarol.com\/en\/wp-json\/wp\/v2\/users\/1"}],"replies":[{"embeddable":true,"href":"https:\/\/www.caisdofarol.com\/en\/wp-json\/wp\/v2\/comments?post=363"}],"version-history":[{"count":9,"href":"https:\/\/www.caisdofarol.com\/en\/wp-json\/wp\/v2\/pages\/363\/revisions"}],"predecessor-version":[{"id":380,"href":"https:\/\/www.caisdofarol.com\/en\/wp-json\/wp\/v2\/pages\/363\/revisions\/380"}],"wp:attachment":[{"href":"https:\/\/www.caisdofarol.com\/en\/wp-json\/wp\/v2\/media?parent=363"}],"curies":[{"name":"wp","href":"https:\/\/api.w.org\/{rel}","templated":true}]}}