{"id":310,"date":"2020-05-06T21:06:21","date_gmt":"2020-05-06T21:06:21","guid":{"rendered":"https:\/\/www.caisdofarol.com\/?page_id=310"},"modified":"2020-05-13T08:36:06","modified_gmt":"2020-05-13T08:36:06","slug":"gestao-de-carteira","status":"publish","type":"page","link":"https:\/\/www.caisdofarol.com\/en\/servicos\/gestao-de-carteira\/","title":{"rendered":"gest\u00e3o de carteira"},"content":{"rendered":"<div class=\"container section-title-container\" ><h3 class=\"section-title section-title-normal\"><b><\/b><span class=\"section-title-main\" >GEST\u00c3O DE CARTEIRA<\/span><b><\/b><\/h3><\/div>\n\n<div class=\"row\"  id=\"row-778316999\">\n\n\n\t<div class=\"col small-12 large-12\"  >\n\t\t<div class=\"col-inner\"  >\n\t\t\t\n\t\t\t\n\n<h4>Manuten\u00e7\u00e3o para reduzir custos e obter vantagens face \u00e0 evolu\u00e7\u00e3o do mercado<\/h4>\n<p>A Gest\u00e3o da&nbsp;<strong>Carteira de Seguros<\/strong>&nbsp;e de&nbsp;<strong>Aplica\u00e7\u00f5es Financeiras<\/strong>&nbsp;assenta essencialmente na necessidade de melhor servir num mercado com elevados n\u00edveis de exig\u00eancia.<\/p>\n<p>Tanto para Clientes&nbsp;<strong>Particulares<\/strong>&nbsp;como&nbsp;<strong>Empresariais<\/strong>, este servi\u00e7o \u00e9 composto por uma:<\/p>\n<ul>\n<li>Gest\u00e3o e revis\u00e3o contratual da carteira de seguros<\/li>\n<li>An\u00e1lise dos pr\u00e9mios pagos e a pagamento, face aos riscos inerentes<\/li>\n<li>Reavalia\u00e7\u00e3o dos riscos sempre que existam altera\u00e7\u00f5es nas empresas ou vida privada dos Clientes<\/li>\n<li>Apresenta\u00e7\u00e3o de Propostas \u00e0 medida das necessidades e pretens\u00f5es dos Clientes face aos novos produtos oferecidos pelo mercado<\/li>\n<\/ul>\n\n\t\t<\/div>\n\t<\/div>\n\n\t\n\n<\/div>","protected":false},"excerpt":{"rendered":"","protected":false},"author":1,"featured_media":0,"parent":297,"menu_order":0,"comment_status":"closed","ping_status":"closed","template":"page-blank-sub-nav-vertical.php","meta":[],"aioseo_notices":[],"_links":{"self":[{"href":"https:\/\/www.caisdofarol.com\/en\/wp-json\/wp\/v2\/pages\/310"}],"collection":[{"href":"https:\/\/www.caisdofarol.com\/en\/wp-json\/wp\/v2\/pages"}],"about":[{"href":"https:\/\/www.caisdofarol.com\/en\/wp-json\/wp\/v2\/types\/page"}],"author":[{"embeddable":true,"href":"https:\/\/www.caisdofarol.com\/en\/wp-json\/wp\/v2\/users\/1"}],"replies":[{"embeddable":true,"href":"https:\/\/www.caisdofarol.com\/en\/wp-json\/wp\/v2\/comments?post=310"}],"version-history":[{"count":7,"href":"https:\/\/www.caisdofarol.com\/en\/wp-json\/wp\/v2\/pages\/310\/revisions"}],"predecessor-version":[{"id":890,"href":"https:\/\/www.caisdofarol.com\/en\/wp-json\/wp\/v2\/pages\/310\/revisions\/890"}],"up":[{"embeddable":true,"href":"https:\/\/www.caisdofarol.com\/en\/wp-json\/wp\/v2\/pages\/297"}],"wp:attachment":[{"href":"https:\/\/www.caisdofarol.com\/en\/wp-json\/wp\/v2\/media?parent=310"}],"curies":[{"name":"wp","href":"https:\/\/api.w.org\/{rel}","templated":true}]}}