{"id":303,"date":"2020-05-06T20:59:43","date_gmt":"2020-05-06T20:59:43","guid":{"rendered":"https:\/\/www.caisdofarol.com\/?page_id=303"},"modified":"2020-05-13T08:35:42","modified_gmt":"2020-05-13T08:35:42","slug":"consultoria-especializada","status":"publish","type":"page","link":"https:\/\/www.caisdofarol.com\/en\/servicos\/consultoria-especializada\/","title":{"rendered":"consultoria especializada"},"content":{"rendered":"<div class=\"container section-title-container\" ><h3 class=\"section-title section-title-normal\"><b><\/b><span class=\"section-title-main\" >CONSULTORIA ESPECIALIZADA<\/span><b><\/b><\/h3><\/div>\n\n<div class=\"row\"  id=\"row-1645057006\">\n\n\n\t<div class=\"col small-12 large-12\"  >\n\t\t<div class=\"col-inner\"  >\n\t\t\t\n\t\t\t\n\n<h4>Interven\u00e7\u00f5es de vantagem competitiva<\/h4>\n<p>O mundo dos neg\u00f3cios tal como a vida privada, est\u00e1 repleto de incertezas, riscos, competi\u00e7\u00e3o e possibilidades desconhecidas.<\/p>\n<p>Face a bom posicionamento e a um aprofundado conhecimento do&nbsp;<strong>mercado segurador e financeiro<\/strong>, garantimos a apresenta\u00e7\u00e3o dos&nbsp;<strong>melhores parceiros<\/strong>&nbsp;e&nbsp;<strong>solu\u00e7\u00f5es de protec\u00e7\u00e3o<\/strong>, para al\u00e9m do acesso aos melhores&nbsp;<strong>planos de Investimento e Poupan\u00e7a<\/strong>, de acordo com a necessidade espec\u00edfica de cada Cliente.<\/p>\n<p>O foco da consultoria de seguros \u00e9 definir a melhor&nbsp;<strong>estrat\u00e9gia de protec\u00e7\u00e3o<\/strong>&nbsp;face a uma situa\u00e7\u00e3o de risco concreta ou face a uma situa\u00e7\u00e3o de risco global.<\/p>\n<p>S\u00e3o realizadas&nbsp;<strong>an\u00e1lises de exposi\u00e7\u00e3o ao risco<\/strong>&nbsp;e simult\u00e2neas&nbsp;<strong>prospec\u00e7\u00f5es de mercado<\/strong>&nbsp;no sentido de promover&nbsp;<strong>aconselhamento<\/strong>&nbsp;sobre a escolha das&nbsp;<strong>seguradoras e<\/strong>&nbsp;das&nbsp;<strong>garantias mais adequadas<\/strong>.<\/p>\n<p>Encontradas as solu\u00e7\u00f5es ajustadas a cada neg\u00f3cio e a cada perfil, s\u00e3o prestados todos os o&nbsp;<strong>esclarecimentos<\/strong>&nbsp;de forma clara, garantindo uma&nbsp;<strong>correcta identifica\u00e7\u00e3o dos riscos inerentes<\/strong>&nbsp;e das&nbsp;<strong>garantias propostas<\/strong>.<\/p>\n<p>\u00c9 fundamental que o Cliente tenha&nbsp;<strong>um conhecimento perfeito dos seus riscos e da melhor forma de combate-los<\/strong>, aos&nbsp;<strong>melhores pre\u00e7os<\/strong>.<\/p>\n<p>Por essa raz\u00e3o, colocamos \u00e0 disposi\u00e7\u00e3o dos nossos Clientes um&nbsp;<strong>acompanhamento consultivo de continuidade<\/strong>, maximizando as possibilidades de sucesso na sua&nbsp;<strong>protec\u00e7\u00e3o<\/strong>.<\/p>\n\n\t\t<\/div>\n\t<\/div>\n\n\t\n\n<\/div>","protected":false},"excerpt":{"rendered":"","protected":false},"author":1,"featured_media":0,"parent":297,"menu_order":0,"comment_status":"closed","ping_status":"closed","template":"page-blank-sub-nav-vertical.php","meta":[],"aioseo_notices":[],"_links":{"self":[{"href":"https:\/\/www.caisdofarol.com\/en\/wp-json\/wp\/v2\/pages\/303"}],"collection":[{"href":"https:\/\/www.caisdofarol.com\/en\/wp-json\/wp\/v2\/pages"}],"about":[{"href":"https:\/\/www.caisdofarol.com\/en\/wp-json\/wp\/v2\/types\/page"}],"author":[{"embeddable":true,"href":"https:\/\/www.caisdofarol.com\/en\/wp-json\/wp\/v2\/users\/1"}],"replies":[{"embeddable":true,"href":"https:\/\/www.caisdofarol.com\/en\/wp-json\/wp\/v2\/comments?post=303"}],"version-history":[{"count":7,"href":"https:\/\/www.caisdofarol.com\/en\/wp-json\/wp\/v2\/pages\/303\/revisions"}],"predecessor-version":[{"id":889,"href":"https:\/\/www.caisdofarol.com\/en\/wp-json\/wp\/v2\/pages\/303\/revisions\/889"}],"up":[{"embeddable":true,"href":"https:\/\/www.caisdofarol.com\/en\/wp-json\/wp\/v2\/pages\/297"}],"wp:attachment":[{"href":"https:\/\/www.caisdofarol.com\/en\/wp-json\/wp\/v2\/media?parent=303"}],"curies":[{"name":"wp","href":"https:\/\/api.w.org\/{rel}","templated":true}]}}