{"id":297,"date":"2020-05-06T20:54:20","date_gmt":"2020-05-06T20:54:20","guid":{"rendered":"https:\/\/www.caisdofarol.com\/?page_id=297"},"modified":"2020-05-12T20:56:13","modified_gmt":"2020-05-12T20:56:13","slug":"servicos","status":"publish","type":"page","link":"https:\/\/www.caisdofarol.com\/en\/servicos\/","title":{"rendered":"servi\u00e7os"},"content":{"rendered":"<div class=\"row\"  id=\"row-1446116792\">\n\n\n\t<div class=\"col small-12 large-12\"  >\n\t\t<div class=\"col-inner\"  >\n\t\t\t\n\t\t\t\n\n<p>Consideramos primordial conhecer cada vez melhor os nossos clientes e as suas necessidades e d\u00favidas, para estar\u00a0ao seu lado quando mais precisa.<\/p>\n<p><strong>Pr\u00f3ximos e dispon\u00edveis<\/strong>, esta \u00e9 a forma de estar que descreve a nossa orienta\u00e7\u00e3o para cumprir com efici\u00eancia as nossas obriga\u00e7\u00f5es profissionais e a\u00a0<strong>assist\u00eancia aos nossos clientes<\/strong>, mediante diferentes formas de interven\u00e7\u00e3o:<\/p>\n<div class=\"row\"  id=\"row-1832344700\">\n\n\n\t<div class=\"col medium-4 small-12 large-4\"  >\n\t\t<div class=\"col-inner\"  >\n\t\t\t\n\t\t\t\n\n\t<div class=\"box has-hover   has-hover box-push box-text-bottom\" >\n\n\t\t<div class=\"box-image\" >\n\t\t\t<a href=\"https:\/\/www.caisdofarol.com\/en\/servicos\/consultoria-especializada\/\"  >\t\t\t<div class=\"image-color\" >\n\t\t\t\t<img width=\"2000\" height=\"1335\" src=\"https:\/\/www.caisdofarol.com\/wp-content\/uploads\/2020\/05\/banner-business.jpg\" class=\"attachment- size-\" alt=\"\" decoding=\"async\" loading=\"lazy\" srcset=\"https:\/\/www.caisdofarol.com\/wp-content\/uploads\/2020\/05\/banner-business.jpg 2000w, https:\/\/www.caisdofarol.com\/wp-content\/uploads\/2020\/05\/banner-business-300x200.jpg 300w, https:\/\/www.caisdofarol.com\/wp-content\/uploads\/2020\/05\/banner-business-1024x684.jpg 1024w, https:\/\/www.caisdofarol.com\/wp-content\/uploads\/2020\/05\/banner-business-768x513.jpg 768w, https:\/\/www.caisdofarol.com\/wp-content\/uploads\/2020\/05\/banner-business-1536x1025.jpg 1536w\" sizes=\"(max-width: 2000px) 100vw, 2000px\" \/>\t\t\t\t\t\t\t\t\t\t\t<\/div>\n\t\t\t<\/a>\t\t<\/div>\n\n\t\t<div class=\"box-text text-center\" >\n\t\t\t<div class=\"box-text-inner\">\n\t\t\t\t\n\n<h4>CONSULTORIA ESPECIALIZADA<br \/>\n<\/h4>\n<p>O mundo dos neg\u00f3cios tal como a vida privada, est\u00e1 repleto de incertezas, riscos, competi\u00e7\u00e3o e possibilidades desconhecidas&#8230;<\/p>\n<a href=\"https:\/\/www.caisdofarol.com\/en\/servicos\/consultoria-especializada\/\" target=\"_self\" class=\"button primary is-underline\"  >\n    <span>ver +<\/span>\n  <\/a>\n\n\n\n\t\t\t<\/div>\n\t\t<\/div>\n\t<\/div>\n\t\n\n\t\t<\/div>\n\t<\/div>\n\n\t\n\n\t<div class=\"col medium-4 small-12 large-4\"  >\n\t\t<div class=\"col-inner\"  >\n\t\t\t\n\t\t\t\n\n\t<div class=\"box has-hover   has-hover box-push box-text-bottom\" >\n\n\t\t<div class=\"box-image\" >\n\t\t\t<a href=\"https:\/\/www.caisdofarol.com\/en\/servicos\/gestao-de-carteira\/\"  >\t\t\t<div class=\"image-color\" >\n\t\t\t\t<img width=\"2000\" height=\"1333\" src=\"https:\/\/www.caisdofarol.com\/wp-content\/uploads\/2020\/05\/banner-finance-1.jpg\" class=\"attachment- size-\" alt=\"\" decoding=\"async\" loading=\"lazy\" srcset=\"https:\/\/www.caisdofarol.com\/wp-content\/uploads\/2020\/05\/banner-finance-1.jpg 2000w, https:\/\/www.caisdofarol.com\/wp-content\/uploads\/2020\/05\/banner-finance-1-300x200.jpg 300w, https:\/\/www.caisdofarol.com\/wp-content\/uploads\/2020\/05\/banner-finance-1-1024x682.jpg 1024w, https:\/\/www.caisdofarol.com\/wp-content\/uploads\/2020\/05\/banner-finance-1-768x512.jpg 768w, https:\/\/www.caisdofarol.com\/wp-content\/uploads\/2020\/05\/banner-finance-1-1536x1024.jpg 1536w\" sizes=\"(max-width: 2000px) 100vw, 2000px\" \/>\t\t\t\t\t\t\t\t\t\t\t<\/div>\n\t\t\t<\/a>\t\t<\/div>\n\n\t\t<div class=\"box-text text-center\" >\n\t\t\t<div class=\"box-text-inner\">\n\t\t\t\t\n\n<h4>GEST\u00c3O DE CARTEIRA<br \/>\n<\/h4>\n<p>A Gest\u00e3o da Carteira de Seguros e de Aplica\u00e7\u00f5es Financeiras assenta essencialmente na necessidade de melhor servir&#8230;<\/p>\n<a href=\"https:\/\/www.caisdofarol.com\/en\/servicos\/gestao-de-carteira\/\" target=\"_self\" class=\"button primary is-underline\"  >\n    <span>ver +<\/span>\n  <\/a>\n\n\n\n\t\t\t<\/div>\n\t\t<\/div>\n\t<\/div>\n\t\n\n\t\t<\/div>\n\t<\/div>\n\n\t\n\n\t<div class=\"col medium-4 small-12 large-4\"  >\n\t\t<div class=\"col-inner\"  >\n\t\t\t\n\t\t\t\n\n\t<div class=\"box has-hover   has-hover box-push box-text-bottom\" >\n\n\t\t<div class=\"box-image\" >\n\t\t\t<a href=\"https:\/\/www.caisdofarol.com\/en\/servicos\/assistencia-a-sinistros\/\"  >\t\t\t<div class=\"image-color\" >\n\t\t\t\t<img width=\"2000\" height=\"1335\" src=\"https:\/\/www.caisdofarol.com\/wp-content\/uploads\/2020\/05\/banner-family.jpg\" class=\"attachment- size-\" alt=\"\" decoding=\"async\" loading=\"lazy\" srcset=\"https:\/\/www.caisdofarol.com\/wp-content\/uploads\/2020\/05\/banner-family.jpg 2000w, https:\/\/www.caisdofarol.com\/wp-content\/uploads\/2020\/05\/banner-family-300x200.jpg 300w, https:\/\/www.caisdofarol.com\/wp-content\/uploads\/2020\/05\/banner-family-1024x684.jpg 1024w, https:\/\/www.caisdofarol.com\/wp-content\/uploads\/2020\/05\/banner-family-768x513.jpg 768w, https:\/\/www.caisdofarol.com\/wp-content\/uploads\/2020\/05\/banner-family-1536x1025.jpg 1536w\" sizes=\"(max-width: 2000px) 100vw, 2000px\" \/>\t\t\t\t\t\t\t\t\t\t\t<\/div>\n\t\t\t<\/a>\t\t<\/div>\n\n\t\t<div class=\"box-text text-center\" >\n\t\t\t<div class=\"box-text-inner\">\n\t\t\t\t\n\n<h4>ASSIST\u00caNCIA A SINISTROS<br \/>\n<\/h4>\n<p>Quando o inesperado acontece, \u00e9 muito importante ter um apoio pr\u00f3ximo, podendo contar com a ajuda imparcial e preciosa de profissionais&#8230;<\/p>\n<a href=\"https:\/\/www.caisdofarol.com\/en\/servicos\/assistencia-a-sinistros\/\" target=\"_self\" class=\"button primary is-underline\"  >\n    <span>ver +<\/span>\n  <\/a>\n\n\n\n\t\t\t<\/div>\n\t\t<\/div>\n\t<\/div>\n\t\n\n\t\t<\/div>\n\t<\/div>\n\n\t\n\n<\/div>\n\n\t\t<\/div>\n\t<\/div>\n\n\t\n\n<\/div>","protected":false},"excerpt":{"rendered":"","protected":false},"author":1,"featured_media":0,"parent":0,"menu_order":0,"comment_status":"closed","ping_status":"closed","template":"page-blank-sub-nav-vertical.php","meta":[],"aioseo_notices":[],"_links":{"self":[{"href":"https:\/\/www.caisdofarol.com\/en\/wp-json\/wp\/v2\/pages\/297"}],"collection":[{"href":"https:\/\/www.caisdofarol.com\/en\/wp-json\/wp\/v2\/pages"}],"about":[{"href":"https:\/\/www.caisdofarol.com\/en\/wp-json\/wp\/v2\/types\/page"}],"author":[{"embeddable":true,"href":"https:\/\/www.caisdofarol.com\/en\/wp-json\/wp\/v2\/users\/1"}],"replies":[{"embeddable":true,"href":"https:\/\/www.caisdofarol.com\/en\/wp-json\/wp\/v2\/comments?post=297"}],"version-history":[{"count":24,"href":"https:\/\/www.caisdofarol.com\/en\/wp-json\/wp\/v2\/pages\/297\/revisions"}],"predecessor-version":[{"id":871,"href":"https:\/\/www.caisdofarol.com\/en\/wp-json\/wp\/v2\/pages\/297\/revisions\/871"}],"wp:attachment":[{"href":"https:\/\/www.caisdofarol.com\/en\/wp-json\/wp\/v2\/media?parent=297"}],"curies":[{"name":"wp","href":"https:\/\/api.w.org\/{rel}","templated":true}]}}