{"id":1499,"date":"2023-03-28T14:26:41","date_gmt":"2023-03-28T14:26:41","guid":{"rendered":"https:\/\/www.caisdofarol.com\/?page_id=1499"},"modified":"2023-03-29T11:07:51","modified_gmt":"2023-03-29T11:07:51","slug":"estamos-a-crescer","status":"publish","type":"page","link":"https:\/\/www.caisdofarol.com\/en\/estamos-a-crescer\/","title":{"rendered":"estamos a crescer"},"content":{"rendered":"<section class=\"section\" id=\"section_1940352138\">\n\t\t<div class=\"bg section-bg fill bg-fill  bg-loaded\" >\n\n\t\t\t\n\t\t\t\n\t\t\t\n\n\t\t<\/div>\n\n\t\t<div class=\"section-content relative\">\n\t\t\t\n<div class=\"container section-title-container\" ><h3 class=\"section-title section-title-normal\"><b><\/b><span class=\"section-title-main\" >Estamos a crescer. E queremos que cres\u00e7a connosco!<\/span><b><\/b><\/h3><\/div>\n<div class=\"row\"  id=\"row-209864068\">\n\n\t<div class=\"col medium-6 small-12 large-6\"  >\n\t\t<div class=\"col-inner\"  >\n\t\t\t\n\t\t\t\n<p>Num mundo cada vez mais competitivo, precisamos de estar mais despertos para os novos desafios e ainda mais dispon\u00edveis para os nossos clientes. Assim, nasce a marca GOOSEBROKERS Media\u00e7\u00e3o de Seguros, Lda., resultado de um projeto que inici\u00e1mos h\u00e1 quatro anos.<\/p>\n<p>Os nossos clientes passam agora a poder contar com uma rede de 11 escrit\u00f3rios de norte a sul do pa\u00eds. Unindo for\u00e7as, ganhamos escala e seremos ainda mais capazes de dar resposta aos desafios dos tempos atuais e \u00e0s necessidades dos nossos clientes, que beneficiar\u00e3o de uma melhor e maior oferta em solu\u00e7\u00f5es de prote\u00e7\u00e3o.<\/p>\n<p>A mudan\u00e7a de nome do nosso escrit\u00f3rio ocorrer\u00e1 de forma gradual, ao longo do ano. Mas h\u00e1 algo que n\u00e3o muda!<\/p>\n<p>O Tiago, a Patr\u00edcia, a Susana e a Claudia continuam c\u00e1, com a mesma motiva\u00e7\u00e3o e o mesmo empenho em dar a melhor resposta a quem nos confia a sua prote\u00e7\u00e3o. A rela\u00e7\u00e3o de proximidade com os nossos clientes que nos caracteriza, e que tanto nos orgulha, manter-se-\u00e1 intoc\u00e1vel!<\/p>\n<p>Com seguran\u00e7a, abrimos as asas e descolamos rumo ao futuro. Contamos consigo para nos acompanhar neste voo!<\/p>\n\t\t<\/div>\n\t<\/div>\n\n\t\n\n\t<div class=\"col medium-6 small-12 large-6\"  >\n\t\t<div class=\"col-inner text-center\" style=\"margin:0px 0px 0px 0px;\" >\n\t\t\t\n\t\t\t\n\t<div class=\"img has-hover x md-x lg-x y md-y lg-y\" id=\"image_2047041937\">\n\t\t\t\t\t\t\t\t<div class=\"img-inner dark\" >\n\t\t\t<img width=\"1020\" height=\"1020\" src=\"https:\/\/www.caisdofarol.com\/wp-content\/uploads\/2023\/03\/2023-03-24_web_PostGooseBrokers-1024x1024.jpg\" class=\"attachment-large size-large\" alt=\"Post Cres\u00e7a Conosco\" decoding=\"async\" loading=\"lazy\" srcset=\"https:\/\/www.caisdofarol.com\/wp-content\/uploads\/2023\/03\/2023-03-24_web_PostGooseBrokers-1024x1024.jpg 1024w, https:\/\/www.caisdofarol.com\/wp-content\/uploads\/2023\/03\/2023-03-24_web_PostGooseBrokers-300x300.jpg 300w, https:\/\/www.caisdofarol.com\/wp-content\/uploads\/2023\/03\/2023-03-24_web_PostGooseBrokers-150x150.jpg 150w, https:\/\/www.caisdofarol.com\/wp-content\/uploads\/2023\/03\/2023-03-24_web_PostGooseBrokers-768x768.jpg 768w, https:\/\/www.caisdofarol.com\/wp-content\/uploads\/2023\/03\/2023-03-24_web_PostGooseBrokers-12x12.jpg 12w, https:\/\/www.caisdofarol.com\/wp-content\/uploads\/2023\/03\/2023-03-24_web_PostGooseBrokers.jpg 1080w\" sizes=\"(max-width: 1020px) 100vw, 1020px\" \/>\t\t\t\t\t\t\n\t\t\t\t\t<\/div>\n\t\t\t\t\t\t\t\t\n<style scope=\"scope\">\n\n#image_2047041937 {\n  width: 100%;\n}\n<\/style>\n\t<\/div>\n\t\n\t\t<\/div>\n\t<\/div>\n\n\t\n<\/div>\n<div class=\"row\"  id=\"row-1144709558\">\n\n\t<div class=\"col small-12 large-12\"  >\n\t\t<div class=\"col-inner text-center\"  >\n\t\t\t\n\t\t\t\n\t\t<\/div>\n\t<\/div>\n\n\t\n<\/div>\n<div class=\"row\"  id=\"row-301909622\">\n\n\t<div class=\"col medium-6 small-12 large-6\"  >\n\t\t<div class=\"col-inner\"  >\n\t\t\t\n\t\t\t\n<div class=\"container section-title-container\" ><h3 class=\"section-title section-title-normal\"><b><\/b><span class=\"section-title-main\" >MEMBRO DE GOOSEBROKERS<\/span><b><\/b><\/h3><\/div>\n<p style=\"text-align: left;\">Onde as parcerias com brokers nacionais e internacionais t\u00eam por base:<\/p>\n<ul>\n<li style=\"text-align: left;\">O mesmo quadro de valores, \u00e9tica e profissionalismo;<\/li>\n<li style=\"text-align: left;\">Rela\u00e7\u00f5es de confian\u00e7a mutuamente vantajosas;<\/li>\n<li style=\"text-align: left;\">Cria\u00e7\u00e3o de valor para Segurados, Membros e Seguradores.<\/li>\n<\/ul>\n\t\t<\/div>\n\t<\/div>\n\n\t\n\n\t<div class=\"col medium-6 small-12 large-6\"  >\n\t\t<div class=\"col-inner text-center\" style=\"padding:80px 0px 40px 0px;\" >\n\t\t\t\n\t\t\t\n\t<div class=\"img has-hover x md-x lg-x y md-y lg-y\" id=\"image_1986258293\">\n\t\t<a class=\"\" href=\"http:\/\/www.goosebrokers.com\/\" target=\"_blank\" rel=\"noopener noreferrer\" >\t\t\t\t\t\t<div class=\"img-inner dark\" >\n\t\t\t<img width=\"1020\" height=\"204\" src=\"https:\/\/www.caisdofarol.com\/wp-content\/uploads\/2023\/03\/logo_goose_horizontal-1024x205.png\" class=\"attachment-large size-large\" alt=\"\" decoding=\"async\" loading=\"lazy\" srcset=\"https:\/\/www.caisdofarol.com\/wp-content\/uploads\/2023\/03\/logo_goose_horizontal-1024x205.png 1024w, https:\/\/www.caisdofarol.com\/wp-content\/uploads\/2023\/03\/logo_goose_horizontal-300x60.png 300w, https:\/\/www.caisdofarol.com\/wp-content\/uploads\/2023\/03\/logo_goose_horizontal-768x154.png 768w, https:\/\/www.caisdofarol.com\/wp-content\/uploads\/2023\/03\/logo_goose_horizontal-1536x307.png 1536w, https:\/\/www.caisdofarol.com\/wp-content\/uploads\/2023\/03\/logo_goose_horizontal-2048x410.png 2048w, https:\/\/www.caisdofarol.com\/wp-content\/uploads\/2023\/03\/logo_goose_horizontal-18x4.png 18w\" sizes=\"(max-width: 1020px) 100vw, 1020px\" \/>\t\t\t\t\t\t\n\t\t\t\t\t<\/div>\n\t\t\t\t\t\t<\/a>\t\t\n<style scope=\"scope\">\n\n#image_1986258293 {\n  width: 90%;\n}\n<\/style>\n\t<\/div>\n\t\n\t\t<\/div>\n\t<\/div>\n\n\t\n<\/div>\n\t\t<\/div>\n\n\t\t\n<style scope=\"scope\">\n\n#section_1940352138 {\n  padding-top: 30px;\n  padding-bottom: 30px;\n}\n<\/style>\n\t<\/section>","protected":false},"excerpt":{"rendered":"","protected":false},"author":2,"featured_media":0,"parent":0,"menu_order":0,"comment_status":"closed","ping_status":"closed","template":"page-blank.php","meta":[],"aioseo_notices":[],"_links":{"self":[{"href":"https:\/\/www.caisdofarol.com\/en\/wp-json\/wp\/v2\/pages\/1499"}],"collection":[{"href":"https:\/\/www.caisdofarol.com\/en\/wp-json\/wp\/v2\/pages"}],"about":[{"href":"https:\/\/www.caisdofarol.com\/en\/wp-json\/wp\/v2\/types\/page"}],"author":[{"embeddable":true,"href":"https:\/\/www.caisdofarol.com\/en\/wp-json\/wp\/v2\/users\/2"}],"replies":[{"embeddable":true,"href":"https:\/\/www.caisdofarol.com\/en\/wp-json\/wp\/v2\/comments?post=1499"}],"version-history":[{"count":7,"href":"https:\/\/www.caisdofarol.com\/en\/wp-json\/wp\/v2\/pages\/1499\/revisions"}],"predecessor-version":[{"id":1526,"href":"https:\/\/www.caisdofarol.com\/en\/wp-json\/wp\/v2\/pages\/1499\/revisions\/1526"}],"wp:attachment":[{"href":"https:\/\/www.caisdofarol.com\/en\/wp-json\/wp\/v2\/media?parent=1499"}],"curies":[{"name":"wp","href":"https:\/\/api.w.org\/{rel}","templated":true}]}}