{"id":1386,"date":"2022-11-10T16:04:52","date_gmt":"2022-11-10T16:04:52","guid":{"rendered":"https:\/\/www.caisdofarol.com\/?page_id=1386"},"modified":"2022-11-10T16:51:20","modified_gmt":"2022-11-10T16:51:20","slug":"vida-risco","status":"publish","type":"page","link":"https:\/\/www.caisdofarol.com\/en\/vida-risco\/","title":{"rendered":"Vida Risco"},"content":{"rendered":"<section class=\"section\" id=\"section_508882055\">\n\t\t<div class=\"bg section-bg fill bg-fill  bg-loaded\" >\n\n\t\t\t\n\t\t\t\n\t\t\t\n\n\t\t<\/div>\n\n\t\t<div class=\"section-content relative\">\n\t\t\t\n<div class=\"row\"  id=\"row-117512961\">\n\n\t<div class=\"col medium-4 small-12 large-4\"  >\n\t\t<div class=\"col-inner\"  >\n\t\t\t\n\t\t\t\n\t\t<\/div>\n\t<\/div>\n\n\t\n\n\t<div class=\"col medium-4 small-12 large-4\"  >\n\t\t<div class=\"col-inner\"  >\n\t\t\t\n\t\t\t\n\t<div class=\"img has-hover x md-x lg-x y md-y lg-y\" id=\"image_626358259\">\n\t\t\t\t\t\t\t\t<div class=\"img-inner dark\" >\n\t\t\t<img width=\"300\" height=\"70\" src=\"https:\/\/www.caisdofarol.com\/wp-content\/uploads\/2020\/05\/logo.png\" class=\"attachment-large size-large\" alt=\"\" decoding=\"async\" loading=\"lazy\" \/>\t\t\t\t\t\t\n\t\t\t\t\t<\/div>\n\t\t\t\t\t\t\t\t\n<style scope=\"scope\">\n\n#image_626358259 {\n  width: 100%;\n}\n<\/style>\n\t<\/div>\n\t\n\t\t<\/div>\n\t<\/div>\n\n\t\n\n\t<div class=\"col hide-for-small medium-4 small-12 large-4\"  >\n\t\t<div class=\"col-inner\"  >\n\t\t\t\n\t\t\t\n\t\t<\/div>\n\t<\/div>\n\n\t\n<\/div>\n\t\t<\/div>\n\n\t\t\n<style scope=\"scope\">\n\n#section_508882055 {\n  padding-top: 0px;\n  padding-bottom: 0px;\n}\n<\/style>\n\t<\/section>\n\t\n\t<section class=\"section\" id=\"section_1690547232\">\n\t\t<div class=\"bg section-bg fill bg-fill  bg-loaded\" >\n\n\t\t\t\n\t\t\t\n\t\t\t\n\n\t\t<\/div>\n\n\t\t<div class=\"section-content relative\">\n\t\t\t\n<div class=\"row\"  id=\"row-140973099\">\n\n\t<div class=\"col col-lp-vida-risco medium-7 small-12 large-6\"  >\n\t\t<div class=\"col-inner\" style=\"padding:20px 0px 0px 0px;margin:20px 0px 0px 0px;\" >\n\t\t\t\n\t\t\t\n<h1><span style=\"font-size: 180%;\"><strong>VIDA RISCO<\/strong><\/span><\/h1>\n<p><span style=\"font-size: 120%;\">O seguro de vida funciona como uma rede de seguran\u00e7a, caso um imprevisto grave lhe aconte\u00e7a a si ou \u00e0 sua fam\u00edlia.<\/span><\/p>\n<p><span style=\"font-size: 120%;\">Garante um montante financeiro aos benefici\u00e1rios em caso de morte, invalidez ou doen\u00e7a grave da pessoa segura, permitindo deste modo,\u00a0<u>dar resposta a despesas inesperadas<\/u>\u00a0ou\u00a0<u>manter a continuidade da vida familiar<\/u>\u00a0e a\u00a0<u>educa\u00e7\u00e3o dos seus filhos<\/u>.<\/span><\/p>\n<p><span style=\"font-size: 120%;\">Porque a vida \u00e9 o nosso bem mais precioso, mesmo com boas condi\u00e7\u00f5es de sa\u00fade, n\u00e3o devemos menosprezar os problemas econ\u00f3micos que uma morte ou invalidez, por doen\u00e7a ou por acidente, pode provocar, particularmente se existirem pessoas dependentes.<\/span><\/p>\n\t\t<\/div>\n\t<\/div>\n\n\t\n\n\t<div class=\"col hide-for-medium medium-1 small-12 large-1\"  >\n\t\t<div class=\"col-inner\"  >\n\t\t\t\n\t\t\t\n\t\t<\/div>\n\t<\/div>\n\n\t\n\n\t<div class=\"col medium-5 small-12 large-5\"  >\n\t\t<div class=\"col-inner text-left\" style=\"background-color:rgb(0, 157, 171);padding:20px 30px 30px 20px;margin:40px 0px 40px 0px;border-radius:15px;\" >\n\t\t\t\n\t\t\t\n\t<div id=\"gap-231055816\" class=\"gap-element clearfix hide-for-medium\" style=\"display:block; height:auto;\">\n\t\t\n<style scope=\"scope\">\n\n#gap-231055816 {\n  padding-top: 1rem;\n}\n<\/style>\n\t<\/div>\n\t\n<div class=\"row\"  id=\"row-135751821\">\n\n\t<div class=\"col small-12 large-12\"  >\n\t\t<div class=\"col-inner\"  >\n\t\t\t\n\t\t\t\n<p style=\"text-align: center;\"><span style=\"color: #ffffff;\"><strong><span style=\"font-size: 1.5rem;\">Preencha os campos abaixo para entrarmos em contacto<\/span><\/strong><\/span><\/p>\n\t\t<\/div>\n\t<\/div>\n\n\t\n<\/div>\n<div role=\"form\" class=\"wpcf7\" id=\"wpcf7-f1384-o1\" lang=\"pt-PT\" dir=\"ltr\">\n<div class=\"screen-reader-response\"><p role=\"status\" aria-live=\"polite\" aria-atomic=\"true\"><\/p> <ul><\/ul><\/div>\n<form action=\"\/en\/wp-json\/wp\/v2\/pages\/1386#wpcf7-f1384-o1\" method=\"post\" class=\"wpcf7-form init\" novalidate=\"novalidate\" data-status=\"init\" data-trp-original-action=\"\/en\/wp-json\/wp\/v2\/pages\/1386#wpcf7-f1384-o1\">\n<div style=\"display: none;\">\n<input type=\"hidden\" name=\"_wpcf7\" value=\"1384\" \/>\n<input type=\"hidden\" name=\"_wpcf7_version\" value=\"5.6.4\" \/>\n<input type=\"hidden\" name=\"_wpcf7_locale\" value=\"pt_PT\" \/>\n<input type=\"hidden\" name=\"_wpcf7_unit_tag\" value=\"wpcf7-f1384-o1\" \/>\n<input type=\"hidden\" name=\"_wpcf7_container_post\" value=\"0\" \/>\n<input type=\"hidden\" name=\"_wpcf7_posted_data_hash\" value=\"\" \/>\n<input type=\"hidden\" name=\"_wpcf7_recaptcha_response\" value=\"\" \/>\n<\/div>\n<style>\n.btn-form-lp{background-color: #BBA076 !important;}\n.input-form-lp{background-color: #FFFFFF !important;}\n.div-form-btn{text-align: center;}\n.div-form-btn input{border: 4px solid #BBA076;}\n.div-form-acceptance span{color: #FFFFFF; margin:10px 0 20px 0;}\n<\/style>\n<div class=\"form-flat\">\n<label><br \/>\n    <span class=\"wpcf7-form-control-wrap\" data-name=\"your-name\"><input type=\"text\" name=\"your-name\" value=\"\" size=\"40\" class=\"wpcf7-form-control wpcf7-text wpcf7-validates-as-required input-form-lp\" aria-required=\"true\" aria-invalid=\"false\" placeholder=\"NOME*\" \/><\/span> <\/label><\/p>\n<p><label><br \/>\n    <span class=\"wpcf7-form-control-wrap\" data-name=\"your-email\"><input type=\"email\" name=\"your-email\" value=\"\" size=\"40\" class=\"wpcf7-form-control wpcf7-text wpcf7-email wpcf7-validates-as-required wpcf7-validates-as-email input-form-lp\" aria-required=\"true\" aria-invalid=\"false\" placeholder=\"EMAIL*\" \/><\/span> <\/label><\/p>\n<p><label><br \/>\n    <span class=\"wpcf7-form-control-wrap\" data-name=\"your-phone\"><input type=\"text\" name=\"your-phone\" value=\"\" size=\"40\" class=\"wpcf7-form-control wpcf7-text input-form-lp\" aria-invalid=\"false\" placeholder=\"N\u00ba DE TELEFONE*\" \/><\/span> <\/label><\/p>\n<div class=\"div-form-acceptance\">\n<span class=\"wpcf7-form-control-wrap\" data-name=\"acceptance-754\"><span class=\"wpcf7-form-control wpcf7-acceptance\"><span class=\"wpcf7-list-item\"><label><input type=\"checkbox\" name=\"acceptance-754\" value=\"1\" aria-invalid=\"false\" \/><span class=\"wpcf7-list-item-label\">Os dados pessoais recolhidos neste formul\u00e1rio ser\u00e3o usados exclusivamente para o prop\u00f3sito da sua utiliza\u00e7\u00e3o.<\/span><\/label><\/span><\/span><\/span>\n<\/div>\n<div class=\"div-form-btn\">\n<input type=\"submit\" value=\"QUERO SABER MAIS\" class=\"wpcf7-form-control has-spinner wpcf7-submit btn-form-lp\" \/>\n<\/div>\n<\/div>\n<p style=\"display: none !important;\"><label>&#916;<textarea name=\"_wpcf7_ak_hp_textarea\" cols=\"45\" rows=\"8\" maxlength=\"100\"><\/textarea><\/label><input type=\"hidden\" id=\"ak_js_1\" name=\"_wpcf7_ak_js\" value=\"15\"\/><script>document.getElementById( \"ak_js_1\" ).setAttribute( \"value\", ( new Date() ).getTime() );<\/script><\/p><div class=\"wpcf7-response-output\" aria-hidden=\"true\"><\/div><input type=\"hidden\" name=\"trp-form-language\" value=\"en\"\/><\/form><\/div>\n\t\t<\/div>\n\t<\/div>\n\n\t\n<\/div>\n\t\t<\/div>\n\n\t\t\n<style scope=\"scope\">\n\n#section_1690547232 {\n  padding-top: 30px;\n  padding-bottom: 30px;\n}\n<\/style>\n\t<\/section>","protected":false},"excerpt":{"rendered":"","protected":false},"author":2,"featured_media":0,"parent":0,"menu_order":0,"comment_status":"closed","ping_status":"closed","template":"","meta":[],"aioseo_notices":[],"_links":{"self":[{"href":"https:\/\/www.caisdofarol.com\/en\/wp-json\/wp\/v2\/pages\/1386"}],"collection":[{"href":"https:\/\/www.caisdofarol.com\/en\/wp-json\/wp\/v2\/pages"}],"about":[{"href":"https:\/\/www.caisdofarol.com\/en\/wp-json\/wp\/v2\/types\/page"}],"author":[{"embeddable":true,"href":"https:\/\/www.caisdofarol.com\/en\/wp-json\/wp\/v2\/users\/2"}],"replies":[{"embeddable":true,"href":"https:\/\/www.caisdofarol.com\/en\/wp-json\/wp\/v2\/comments?post=1386"}],"version-history":[{"count":12,"href":"https:\/\/www.caisdofarol.com\/en\/wp-json\/wp\/v2\/pages\/1386\/revisions"}],"predecessor-version":[{"id":1417,"href":"https:\/\/www.caisdofarol.com\/en\/wp-json\/wp\/v2\/pages\/1386\/revisions\/1417"}],"wp:attachment":[{"href":"https:\/\/www.caisdofarol.com\/en\/wp-json\/wp\/v2\/media?parent=1386"}],"curies":[{"name":"wp","href":"https:\/\/api.w.org\/{rel}","templated":true}]}}